{"id":5256,"date":"2015-10-29T16:46:14","date_gmt":"2015-10-29T16:46:14","guid":{"rendered":"http:\/\/cuadrosterry.com\/terry\/"},"modified":"2024-04-15T17:25:57","modified_gmt":"2024-04-15T17:25:57","slug":"terry","status":"publish","type":"page","link":"https:\/\/cuadrosterry.com\/fr\/terry\/","title":{"rendered":"TERRY"},"content":{"rendered":"\t\t<div data-elementor-type=\"wp-page\" data-elementor-id=\"5256\" class=\"elementor elementor-5256 elementor-2476\" data-elementor-post-type=\"page\">\n\t\t\t\t<div class=\"elementor-element elementor-element-e8be48c elementor-hidden-tablet elementor-hidden-mobile e-flex e-con-boxed e-con e-parent\" data-id=\"e8be48c\" data-element_type=\"container\">\n\t\t\t\t\t<div class=\"e-con-inner\">\n\t\t<div class=\"elementor-element elementor-element-153c16c e-con-full e-flex e-con e-child\" data-id=\"153c16c\" data-element_type=\"container\">\n\t\t\t\t<div class=\"elementor-element elementor-element-f674241 elementor-invisible elementor-widget elementor-widget-heading\" data-id=\"f674241\" data-element_type=\"widget\" data-settings=\"{&quot;_animation&quot;:&quot;fadeInLeft&quot;}\" data-widget_type=\"heading.default\">\n\t\t\t\t<div class=\"elementor-widget-container\">\n\t\t\t\t\t<h2 class=\"elementor-heading-title elementor-size-default\">A propos de<\/h2>\t\t\t\t<\/div>\n\t\t\t\t<\/div>\n\t\t\t\t<\/div>\n\t\t<div class=\"elementor-element elementor-element-8e208cd e-con-full e-flex e-con e-child\" data-id=\"8e208cd\" data-element_type=\"container\">\n\t\t\t\t<div class=\"elementor-element elementor-element-e8973f2 elementor-invisible elementor-widget elementor-widget-heading\" data-id=\"e8973f2\" data-element_type=\"widget\" data-settings=\"{&quot;_animation&quot;:&quot;fadeInRight&quot;,&quot;_animation_mobile&quot;:&quot;none&quot;}\" data-widget_type=\"heading.default\">\n\t\t\t\t<div class=\"elementor-widget-container\">\n\t\t\t\t\t<h2 class=\"elementor-heading-title elementor-size-default\">Terry<\/h2>\t\t\t\t<\/div>\n\t\t\t\t<\/div>\n\t\t\t\t<\/div>\n\t\t\t\t\t<\/div>\n\t\t\t\t<\/div>\n\t\t<div class=\"elementor-element elementor-element-8d0236e elementor-hidden-desktop e-flex e-con-boxed e-con e-parent\" data-id=\"8d0236e\" data-element_type=\"container\">\n\t\t\t\t\t<div class=\"e-con-inner\">\n\t\t<div class=\"elementor-element elementor-element-f1e0fa6 e-con-full e-flex e-con e-child\" data-id=\"f1e0fa6\" data-element_type=\"container\">\n\t\t\t\t<div class=\"elementor-element elementor-element-c190037 elementor-invisible elementor-widget elementor-widget-heading\" data-id=\"c190037\" data-element_type=\"widget\" data-settings=\"{&quot;_animation&quot;:&quot;fadeInLeft&quot;}\" data-widget_type=\"heading.default\">\n\t\t\t\t<div class=\"elementor-widget-container\">\n\t\t\t\t\t<h2 class=\"elementor-heading-title elementor-size-default\">A propos de<\/h2>\t\t\t\t<\/div>\n\t\t\t\t<\/div>\n\t\t\t\t<\/div>\n\t\t<div class=\"elementor-element elementor-element-04ee806 e-con-full e-flex e-con e-child\" data-id=\"04ee806\" data-element_type=\"container\">\n\t\t\t\t<div class=\"elementor-element elementor-element-c4304a0 elementor-invisible elementor-widget elementor-widget-heading\" data-id=\"c4304a0\" data-element_type=\"widget\" data-settings=\"{&quot;_animation&quot;:&quot;fadeInRight&quot;,&quot;_animation_mobile&quot;:&quot;none&quot;}\" data-widget_type=\"heading.default\">\n\t\t\t\t<div class=\"elementor-widget-container\">\n\t\t\t\t\t<h2 class=\"elementor-heading-title elementor-size-default\">Terry<\/h2>\t\t\t\t<\/div>\n\t\t\t\t<\/div>\n\t\t\t\t<\/div>\n\t\t\t\t\t<\/div>\n\t\t\t\t<\/div>\n\t\t<div class=\"elementor-element elementor-element-96c2ebd e-flex e-con-boxed e-con e-parent\" data-id=\"96c2ebd\" data-element_type=\"container\">\n\t\t\t\t\t<div class=\"e-con-inner\">\n\t\t<div class=\"elementor-element elementor-element-53fe489 e-con-full e-flex e-con e-child\" data-id=\"53fe489\" data-element_type=\"container\">\n\t\t\t\t<div class=\"elementor-element elementor-element-2168497 elementor-widget elementor-widget-image\" data-id=\"2168497\" data-element_type=\"widget\" data-widget_type=\"image.default\">\n\t\t\t\t<div class=\"elementor-widget-container\">\n\t\t\t\t\t\t\t\t\t\t\t\t\t\t\t<img fetchpriority=\"high\" decoding=\"async\" width=\"465\" height=\"793\" src=\"https:\/\/cuadrosterry.com\/wp-content\/uploads\/2015\/10\/recortunidad-4-11-70.jpg\" class=\"attachment-large size-large wp-image-4844\" alt=\"\" srcset=\"https:\/\/cuadrosterry.com\/wp-content\/uploads\/2015\/10\/recortunidad-4-11-70.jpg 465w, https:\/\/cuadrosterry.com\/wp-content\/uploads\/2015\/10\/recortunidad-4-11-70-176x300.jpg 176w, https:\/\/cuadrosterry.com\/wp-content\/uploads\/2015\/10\/recortunidad-4-11-70-86x146.jpg 86w, https:\/\/cuadrosterry.com\/wp-content\/uploads\/2015\/10\/recortunidad-4-11-70-29x50.jpg 29w, https:\/\/cuadrosterry.com\/wp-content\/uploads\/2015\/10\/recortunidad-4-11-70-44x75.jpg 44w\" sizes=\"(max-width: 465px) 100vw, 465px\" \/>\t\t\t\t\t\t\t\t\t\t\t\t\t\t\t<\/div>\n\t\t\t\t<\/div>\n\t\t\t\t<div class=\"elementor-element elementor-element-f9c10b9 elementor-widget elementor-widget-text-editor\" data-id=\"f9c10b9\" data-element_type=\"widget\" data-widget_type=\"text-editor.default\">\n\t\t\t\t<div class=\"elementor-widget-container\">\n\t\t\t\t\t\t\t\t\t<p>Anciennes coupures de presse<\/p>\n\t\t\t\t\t\t\t\t<\/div>\n\t\t\t\t<\/div>\n\t\t\t\t<div class=\"elementor-element elementor-element-02b3c12 elementor-widget elementor-widget-image\" data-id=\"02b3c12\" data-element_type=\"widget\" data-widget_type=\"image.default\">\n\t\t\t\t<div class=\"elementor-widget-container\">\n\t\t\t\t\t\t\t\t\t\t\t\t\t\t\t<img decoding=\"async\" width=\"945\" height=\"848\" src=\"https:\/\/cuadrosterry.com\/wp-content\/uploads\/2015\/10\/weblavoz-13-8-68.jpg\" class=\"attachment-large size-large wp-image-4858\" alt=\"\" srcset=\"https:\/\/cuadrosterry.com\/wp-content\/uploads\/2015\/10\/weblavoz-13-8-68.jpg 945w, https:\/\/cuadrosterry.com\/wp-content\/uploads\/2015\/10\/weblavoz-13-8-68-800x718.jpg 800w\" sizes=\"(max-width: 945px) 100vw, 945px\" \/>\t\t\t\t\t\t\t\t\t\t\t\t\t\t\t<\/div>\n\t\t\t\t<\/div>\n\t\t\t\t<\/div>\n\t\t<div class=\"elementor-element elementor-element-f74fe42 e-con-full e-flex e-con e-child\" data-id=\"f74fe42\" data-element_type=\"container\">\n\t\t\t\t<div class=\"elementor-element elementor-element-bc91ee3 elementor-widget elementor-widget-heading\" data-id=\"bc91ee3\" data-element_type=\"widget\" data-widget_type=\"heading.default\">\n\t\t\t\t<div class=\"elementor-widget-container\">\n\t\t\t\t\t<h2 class=\"elementor-heading-title elementor-size-default\">Teresa Mart\u00ednez Arrieta, Terry,<\/h2>\t\t\t\t<\/div>\n\t\t\t\t<\/div>\n\t\t\t\t<div class=\"elementor-element elementor-element-8b238c0 elementor-widget elementor-widget-text-editor\" data-id=\"8b238c0\" data-element_type=\"widget\" data-widget_type=\"text-editor.default\">\n\t\t\t\t<div class=\"elementor-widget-container\">\n\t\t\t\t\t\t\t\t\t<p>Elle est n\u00e9e dans le quartier El Antiguo de Saint-S\u00e9bastien en 1947.<\/p><p>Elle suit les cours du peintre Jes\u00fas Gallego, \u00e0 l\u2019Association artistique de Gipuzkoa.<br \/><strong>Elle commence \u00e0 peindre des paysages du Pays basque<\/strong> \u00e0 l\u2019huile et des portraits au fusain.<\/p><p>Elle a organis\u00e9 plusieurs expositions dans des lieux embl\u00e9matiques de la ville, dont les plus importantes sont le Sal\u00f3n de la Elegancia (1968) \u00e0 l\u2019h\u00f4tel de ville de Saint-S\u00e9bastien et Pintoras de Guip\u00fazcoa (1970) au mus\u00e9e San Telmo.<\/p><p>Apr\u00e8s une pause dans son activit\u00e9 artistique, elle a repris <strong>la technique du fusain<\/strong>, r\u00e9alisant des portraits et des peintures de diff\u00e9rentes villes de notre g\u00e9ographie, que vous pouvez appr\u00e9cier aujourd\u2019hui en voyageant \u00e0 travers le site web.<\/p><p>Actuellement, elle continue \u00e0 dessiner au fusain diff\u00e9rents paysages de notre g\u00e9ographie.<\/p><p>Si vous souhaitez lui faire part de vos commentaires, n\u2019h\u00e9sitez pas \u00e0 la contacter.<\/p>\t\t\t\t\t\t\t\t<\/div>\n\t\t\t\t<\/div>\n\t\t\t\t<div class=\"elementor-element elementor-element-d4370ea elementor-widget elementor-widget-image\" data-id=\"d4370ea\" data-element_type=\"widget\" data-widget_type=\"image.default\">\n\t\t\t\t<div class=\"elementor-widget-container\">\n\t\t\t\t\t\t\t\t\t\t\t\t\t\t\t<img decoding=\"async\" width=\"473\" height=\"236\" src=\"https:\/\/cuadrosterry.com\/wp-content\/uploads\/2015\/10\/firmaFB.jpg\" class=\"attachment-large size-large wp-image-4856\" alt=\"\" \/>\t\t\t\t\t\t\t\t\t\t\t\t\t\t\t<\/div>\n\t\t\t\t<\/div>\n\t\t\t\t<\/div>\n\t\t\t\t\t<\/div>\n\t\t\t\t<\/div>\n\t\t\t\t<\/div>\n\t\t","protected":false},"excerpt":{"rendered":"<p>A propos de Terry A propos de Terry Anciennes coupures de presse Teresa Mart\u00ednez Arrieta, Terry, Elle est n\u00e9e dans le quartier El Antiguo de Saint-S\u00e9bastien en 1947. Elle suit les cours du peintre Jes\u00fas Gallego, \u00e0 l\u2019Association artistique de Gipuzkoa.Elle commence \u00e0 peindre des paysages du Pays basque \u00e0 l\u2019huile et des portraits au &#8230; <a title=\"TERRY\" class=\"read-more\" href=\"https:\/\/cuadrosterry.com\/fr\/terry\/\" aria-label=\"En savoir plus sur TERRY\">Lire la suite<\/a><\/p>\n","protected":false},"author":1,"featured_media":0,"parent":0,"menu_order":0,"comment_status":"closed","ping_status":"open","template":"","meta":{"footnotes":""},"class_list":["post-5256","page","type-page","status-publish"],"yoast_head":"<!-- This site is optimized with the Yoast SEO plugin v26.1 - https:\/\/yoast.com\/wordpress\/plugins\/seo\/ -->\n<title>Terry - Artiste de San Sebastian - Peinture au fusain dubujo<\/title>\n<meta name=\"description\" content=\"Terry - Artiste de San Sebastian - Dessine des tableaux au fusain. Portraits et peintures de diff\u00e9rentes villes de notre g\u00e9ographie.\" \/>\n<meta name=\"robots\" content=\"index, follow, max-snippet:-1, max-image-preview:large, max-video-preview:-1\" \/>\n<link rel=\"canonical\" href=\"https:\/\/cuadrosterry.com\/terry\/\" \/>\n<meta property=\"og:locale\" content=\"fr_FR\" \/>\n<meta property=\"og:type\" content=\"article\" \/>\n<meta property=\"og:title\" content=\"Terry - Artiste de San Sebastian - Peinture au fusain dubujo\" \/>\n<meta property=\"og:description\" content=\"Terry - Artiste de San Sebastian - Dessine des tableaux au fusain. Portraits et peintures de diff\u00e9rentes villes de notre g\u00e9ographie.\" \/>\n<meta property=\"og:url\" content=\"https:\/\/cuadrosterry.com\/terry\/\" \/>\n<meta property=\"og:site_name\" content=\"cuadrosterry.com\" \/>\n<meta property=\"article:publisher\" content=\"https:\/\/www.facebook.com\/CuadrosTerry\/\" \/>\n<meta property=\"article:modified_time\" content=\"2024-04-15T17:25:57+00:00\" \/>\n<meta property=\"og:image\" content=\"http:\/\/cuadrosterry.com\/wp-content\/uploads\/2015\/10\/recortunidad-4-11-70.jpg\" \/>\n<meta name=\"twitter:card\" content=\"summary_large_image\" \/>\n<meta name=\"twitter:site\" content=\"@CuadrosTerry\" \/>\n<meta name=\"twitter:label1\" content=\"Dur\u00e9e de lecture estim\u00e9e\" \/>\n\t<meta name=\"twitter:data1\" content=\"2 minutes\" \/>\n<script type=\"application\/ld+json\" class=\"yoast-schema-graph\">{\"@context\":\"https:\/\/schema.org\",\"@graph\":[{\"@type\":\"WebPage\",\"@id\":\"https:\/\/cuadrosterry.com\/terry\/\",\"url\":\"https:\/\/cuadrosterry.com\/terry\/\",\"name\":\"Terry - Artiste de San Sebastian - Peinture au fusain dubujo\",\"isPartOf\":{\"@id\":\"https:\/\/cuadrosterry.com\/#website\"},\"primaryImageOfPage\":{\"@id\":\"https:\/\/cuadrosterry.com\/terry\/#primaryimage\"},\"image\":{\"@id\":\"https:\/\/cuadrosterry.com\/terry\/#primaryimage\"},\"thumbnailUrl\":\"http:\/\/cuadrosterry.com\/wp-content\/uploads\/2015\/10\/recortunidad-4-11-70.jpg\",\"datePublished\":\"2015-10-29T16:46:14+00:00\",\"dateModified\":\"2024-04-15T17:25:57+00:00\",\"description\":\"Terry - Artiste de San Sebastian - Dessine des tableaux au fusain. Portraits et peintures de diff\u00e9rentes villes de notre g\u00e9ographie.\",\"breadcrumb\":{\"@id\":\"https:\/\/cuadrosterry.com\/terry\/#breadcrumb\"},\"inLanguage\":\"fr-FR\",\"potentialAction\":[{\"@type\":\"ReadAction\",\"target\":[\"https:\/\/cuadrosterry.com\/terry\/\"]}]},{\"@type\":\"ImageObject\",\"inLanguage\":\"fr-FR\",\"@id\":\"https:\/\/cuadrosterry.com\/terry\/#primaryimage\",\"url\":\"http:\/\/cuadrosterry.com\/wp-content\/uploads\/2015\/10\/recortunidad-4-11-70.jpg\",\"contentUrl\":\"http:\/\/cuadrosterry.com\/wp-content\/uploads\/2015\/10\/recortunidad-4-11-70.jpg\"},{\"@type\":\"BreadcrumbList\",\"@id\":\"https:\/\/cuadrosterry.com\/terry\/#breadcrumb\",\"itemListElement\":[{\"@type\":\"ListItem\",\"position\":1,\"name\":\"Portada\",\"item\":\"https:\/\/cuadrosterry.com\/fr\/\"},{\"@type\":\"ListItem\",\"position\":2,\"name\":\"TERRY\"}]},{\"@type\":\"WebSite\",\"@id\":\"https:\/\/cuadrosterry.com\/#website\",\"url\":\"https:\/\/cuadrosterry.com\/\",\"name\":\"cuadrosterry.com\",\"description\":\"L\u00e1minas decorativas de cuadros dibujados a carboncillo\",\"publisher\":{\"@id\":\"https:\/\/cuadrosterry.com\/#organization\"},\"potentialAction\":[{\"@type\":\"SearchAction\",\"target\":{\"@type\":\"EntryPoint\",\"urlTemplate\":\"https:\/\/cuadrosterry.com\/?s={search_term_string}\"},\"query-input\":{\"@type\":\"PropertyValueSpecification\",\"valueRequired\":true,\"valueName\":\"search_term_string\"}}],\"inLanguage\":\"fr-FR\"},{\"@type\":\"Organization\",\"@id\":\"https:\/\/cuadrosterry.com\/#organization\",\"name\":\"cuadrosterry.com\",\"url\":\"https:\/\/cuadrosterry.com\/\",\"logo\":{\"@type\":\"ImageObject\",\"inLanguage\":\"fr-FR\",\"@id\":\"https:\/\/cuadrosterry.com\/#\/schema\/logo\/image\/\",\"url\":\"https:\/\/cuadrosterry.com\/wp-content\/uploads\/2023\/02\/cropped-cropped-cuadros-terry-logo-600-230-1.png\",\"contentUrl\":\"https:\/\/cuadrosterry.com\/wp-content\/uploads\/2023\/02\/cropped-cropped-cuadros-terry-logo-600-230-1.png\",\"width\":568,\"height\":212,\"caption\":\"cuadrosterry.com\"},\"image\":{\"@id\":\"https:\/\/cuadrosterry.com\/#\/schema\/logo\/image\/\"},\"sameAs\":[\"https:\/\/www.facebook.com\/CuadrosTerry\/\",\"https:\/\/x.com\/CuadrosTerry\",\"https:\/\/www.instagram.com\/cuadrosterry\/\"]}]}<\/script>\n<!-- \/ Yoast SEO plugin. -->","yoast_head_json":{"title":"Terry - Artiste de San Sebastian - Peinture au fusain dubujo","description":"Terry - Artiste de San Sebastian - Dessine des tableaux au fusain. Portraits et peintures de diff\u00e9rentes villes de notre g\u00e9ographie.","robots":{"index":"index","follow":"follow","max-snippet":"max-snippet:-1","max-image-preview":"max-image-preview:large","max-video-preview":"max-video-preview:-1"},"canonical":"https:\/\/cuadrosterry.com\/terry\/","og_locale":"fr_FR","og_type":"article","og_title":"Terry - Artiste de San Sebastian - Peinture au fusain dubujo","og_description":"Terry - Artiste de San Sebastian - Dessine des tableaux au fusain. Portraits et peintures de diff\u00e9rentes villes de notre g\u00e9ographie.","og_url":"https:\/\/cuadrosterry.com\/terry\/","og_site_name":"cuadrosterry.com","article_publisher":"https:\/\/www.facebook.com\/CuadrosTerry\/","article_modified_time":"2024-04-15T17:25:57+00:00","og_image":[{"url":"http:\/\/cuadrosterry.com\/wp-content\/uploads\/2015\/10\/recortunidad-4-11-70.jpg","type":"","width":"","height":""}],"twitter_card":"summary_large_image","twitter_site":"@CuadrosTerry","twitter_misc":{"Dur\u00e9e de lecture estim\u00e9e":"2 minutes"},"schema":{"@context":"https:\/\/schema.org","@graph":[{"@type":"WebPage","@id":"https:\/\/cuadrosterry.com\/terry\/","url":"https:\/\/cuadrosterry.com\/terry\/","name":"Terry - Artiste de San Sebastian - Peinture au fusain dubujo","isPartOf":{"@id":"https:\/\/cuadrosterry.com\/#website"},"primaryImageOfPage":{"@id":"https:\/\/cuadrosterry.com\/terry\/#primaryimage"},"image":{"@id":"https:\/\/cuadrosterry.com\/terry\/#primaryimage"},"thumbnailUrl":"http:\/\/cuadrosterry.com\/wp-content\/uploads\/2015\/10\/recortunidad-4-11-70.jpg","datePublished":"2015-10-29T16:46:14+00:00","dateModified":"2024-04-15T17:25:57+00:00","description":"Terry - Artiste de San Sebastian - Dessine des tableaux au fusain. Portraits et peintures de diff\u00e9rentes villes de notre g\u00e9ographie.","breadcrumb":{"@id":"https:\/\/cuadrosterry.com\/terry\/#breadcrumb"},"inLanguage":"fr-FR","potentialAction":[{"@type":"ReadAction","target":["https:\/\/cuadrosterry.com\/terry\/"]}]},{"@type":"ImageObject","inLanguage":"fr-FR","@id":"https:\/\/cuadrosterry.com\/terry\/#primaryimage","url":"http:\/\/cuadrosterry.com\/wp-content\/uploads\/2015\/10\/recortunidad-4-11-70.jpg","contentUrl":"http:\/\/cuadrosterry.com\/wp-content\/uploads\/2015\/10\/recortunidad-4-11-70.jpg"},{"@type":"BreadcrumbList","@id":"https:\/\/cuadrosterry.com\/terry\/#breadcrumb","itemListElement":[{"@type":"ListItem","position":1,"name":"Portada","item":"https:\/\/cuadrosterry.com\/fr\/"},{"@type":"ListItem","position":2,"name":"TERRY"}]},{"@type":"WebSite","@id":"https:\/\/cuadrosterry.com\/#website","url":"https:\/\/cuadrosterry.com\/","name":"cuadrosterry.com","description":"L\u00e1minas decorativas de cuadros dibujados a carboncillo","publisher":{"@id":"https:\/\/cuadrosterry.com\/#organization"},"potentialAction":[{"@type":"SearchAction","target":{"@type":"EntryPoint","urlTemplate":"https:\/\/cuadrosterry.com\/?s={search_term_string}"},"query-input":{"@type":"PropertyValueSpecification","valueRequired":true,"valueName":"search_term_string"}}],"inLanguage":"fr-FR"},{"@type":"Organization","@id":"https:\/\/cuadrosterry.com\/#organization","name":"cuadrosterry.com","url":"https:\/\/cuadrosterry.com\/","logo":{"@type":"ImageObject","inLanguage":"fr-FR","@id":"https:\/\/cuadrosterry.com\/#\/schema\/logo\/image\/","url":"https:\/\/cuadrosterry.com\/wp-content\/uploads\/2023\/02\/cropped-cropped-cuadros-terry-logo-600-230-1.png","contentUrl":"https:\/\/cuadrosterry.com\/wp-content\/uploads\/2023\/02\/cropped-cropped-cuadros-terry-logo-600-230-1.png","width":568,"height":212,"caption":"cuadrosterry.com"},"image":{"@id":"https:\/\/cuadrosterry.com\/#\/schema\/logo\/image\/"},"sameAs":["https:\/\/www.facebook.com\/CuadrosTerry\/","https:\/\/x.com\/CuadrosTerry","https:\/\/www.instagram.com\/cuadrosterry\/"]}]}},"_links":{"self":[{"href":"https:\/\/cuadrosterry.com\/fr\/wp-json\/wp\/v2\/pages\/5256","targetHints":{"allow":["GET"]}}],"collection":[{"href":"https:\/\/cuadrosterry.com\/fr\/wp-json\/wp\/v2\/pages"}],"about":[{"href":"https:\/\/cuadrosterry.com\/fr\/wp-json\/wp\/v2\/types\/page"}],"author":[{"embeddable":true,"href":"https:\/\/cuadrosterry.com\/fr\/wp-json\/wp\/v2\/users\/1"}],"replies":[{"embeddable":true,"href":"https:\/\/cuadrosterry.com\/fr\/wp-json\/wp\/v2\/comments?post=5256"}],"version-history":[{"count":8,"href":"https:\/\/cuadrosterry.com\/fr\/wp-json\/wp\/v2\/pages\/5256\/revisions"}],"predecessor-version":[{"id":6194,"href":"https:\/\/cuadrosterry.com\/fr\/wp-json\/wp\/v2\/pages\/5256\/revisions\/6194"}],"wp:attachment":[{"href":"https:\/\/cuadrosterry.com\/fr\/wp-json\/wp\/v2\/media?parent=5256"}],"curies":[{"name":"wp","href":"https:\/\/api.w.org\/{rel}","templated":true}]}}