{"id":5281,"date":"2015-07-07T19:15:00","date_gmt":"2015-07-07T19:15:00","guid":{"rendered":"http:\/\/cuadrosterry.com\/producto\/paseo-de-los-curas-donostia-san-sebastian\/"},"modified":"2024-02-02T20:21:05","modified_gmt":"2024-02-02T20:21:05","slug":"paseo-de-los-curas-donostia-san-sebastian","status":"publish","type":"product","link":"https:\/\/cuadrosterry.com\/fr\/producto\/paseo-de-los-curas-donostia-san-sebastian\/","title":{"rendered":"Paseo de los Curas, Saint-S\u00e9bastien"},"content":{"rendered":"<p>Un bon souvenir de Saint-S\u00e9bastien comme \u00e9l\u00e9ment de d\u00e9coration.<\/p>\n<p>&nbsp;<\/p>\n","protected":false},"excerpt":{"rendered":"<p><strong>Affiche<em> Paseo de los Curas<\/em><br \/>\n<\/strong>Un bon souvenir de Saint-S\u00e9bastien comme pi\u00e8ce d\u00e9corative.<\/p>\n","protected":false},"featured_media":5032,"comment_status":"open","ping_status":"closed","template":"","meta":[],"product_brand":[],"product_cat":[197],"product_tag":[198,199,200],"class_list":{"0":"post-5281","1":"product","2":"type-product","3":"status-publish","4":"has-post-thumbnail","6":"product_cat-affiches-de-saint-sebastien","7":"product_tag-donostia-fr","8":"product_tag-po-de-los-curas-fr","9":"product_tag-saint-sebastien","10":"sales-flash-overlay","11":"woocommerce-text-align-center","12":"woocommerce-image-align-center","13":"do-quantity-buttons","14":"wc-has-gallery","16":"first","17":"instock","18":"taxable","19":"shipping-taxable","20":"purchasable","21":"product-type-variable"},"yoast_head":"<!-- This site is optimized with the Yoast SEO plugin v26.1 - https:\/\/yoast.com\/wordpress\/plugins\/seo\/ -->\n<title>Affiche Paseo de los Curas, Saint-S\u00e9bastien<\/title>\n<meta name=\"description\" content=\"Affiche Paseo de los Curas, Saint-S\u00e9bastien - Gipuzkoa. Les carr\u00e9s Terry. Un bon souvenir de Saint-S\u00e9bastien comme \u00e9l\u00e9ment de d\u00e9coration.\" \/>\n<meta name=\"robots\" content=\"index, follow, max-snippet:-1, max-image-preview:large, max-video-preview:-1\" \/>\n<link rel=\"canonical\" href=\"https:\/\/cuadrosterry.com\/producto\/paseo-curas-donostia\/\" \/>\n<meta property=\"og:locale\" content=\"fr_FR\" \/>\n<meta property=\"og:type\" content=\"article\" \/>\n<meta property=\"og:title\" content=\"Affiche Paseo de los Curas, Saint-S\u00e9bastien\" \/>\n<meta property=\"og:description\" content=\"Affiche Paseo de los Curas, Saint-S\u00e9bastien - Gipuzkoa. Les carr\u00e9s Terry. Un bon souvenir de Saint-S\u00e9bastien comme \u00e9l\u00e9ment de d\u00e9coration.\" \/>\n<meta property=\"og:url\" content=\"https:\/\/cuadrosterry.com\/producto\/paseo-curas-donostia\/\" \/>\n<meta property=\"og:site_name\" content=\"cuadrosterry.com\" \/>\n<meta property=\"article:publisher\" content=\"https:\/\/www.facebook.com\/CuadrosTerry\/\" \/>\n<meta property=\"article:modified_time\" content=\"2024-02-02T20:21:05+00:00\" \/>\n<meta property=\"og:image\" content=\"https:\/\/cuadrosterry.com\/wp-content\/uploads\/2015\/07\/lamina-paseo-de-los-curas-sansebastian-cuadro-jpg.jpg\" \/>\n\t<meta property=\"og:image:width\" content=\"1200\" \/>\n\t<meta property=\"og:image:height\" content=\"1200\" \/>\n\t<meta property=\"og:image:type\" content=\"image\/jpeg\" \/>\n<meta name=\"twitter:card\" content=\"summary_large_image\" \/>\n<meta name=\"twitter:site\" content=\"@CuadrosTerry\" \/>\n<meta name=\"twitter:label1\" content=\"Dur\u00e9e de lecture estim\u00e9e\" \/>\n\t<meta name=\"twitter:data1\" content=\"1 minute\" \/>\n<script type=\"application\/ld+json\" class=\"yoast-schema-graph\">{\"@context\":\"https:\/\/schema.org\",\"@graph\":[{\"@type\":\"WebPage\",\"@id\":\"https:\/\/cuadrosterry.com\/producto\/paseo-curas-donostia\/\",\"url\":\"https:\/\/cuadrosterry.com\/producto\/paseo-curas-donostia\/\",\"name\":\"Affiche Paseo de los Curas, Saint-S\u00e9bastien\",\"isPartOf\":{\"@id\":\"https:\/\/cuadrosterry.com\/#website\"},\"primaryImageOfPage\":{\"@id\":\"https:\/\/cuadrosterry.com\/producto\/paseo-curas-donostia\/#primaryimage\"},\"image\":{\"@id\":\"https:\/\/cuadrosterry.com\/producto\/paseo-curas-donostia\/#primaryimage\"},\"thumbnailUrl\":\"https:\/\/cuadrosterry.com\/wp-content\/uploads\/2015\/07\/lamina-paseo-de-los-curas-sansebastian-cuadro-jpg.jpg\",\"datePublished\":\"2015-07-07T19:15:00+00:00\",\"dateModified\":\"2024-02-02T20:21:05+00:00\",\"description\":\"Affiche Paseo de los Curas, Saint-S\u00e9bastien - Gipuzkoa. Les carr\u00e9s Terry. Un bon souvenir de Saint-S\u00e9bastien comme \u00e9l\u00e9ment de d\u00e9coration.\",\"breadcrumb\":{\"@id\":\"https:\/\/cuadrosterry.com\/producto\/paseo-curas-donostia\/#breadcrumb\"},\"inLanguage\":\"fr-FR\",\"potentialAction\":[{\"@type\":\"ReadAction\",\"target\":[\"https:\/\/cuadrosterry.com\/producto\/paseo-curas-donostia\/\"]}]},{\"@type\":\"ImageObject\",\"inLanguage\":\"fr-FR\",\"@id\":\"https:\/\/cuadrosterry.com\/producto\/paseo-curas-donostia\/#primaryimage\",\"url\":\"https:\/\/cuadrosterry.com\/wp-content\/uploads\/2015\/07\/lamina-paseo-de-los-curas-sansebastian-cuadro-jpg.jpg\",\"contentUrl\":\"https:\/\/cuadrosterry.com\/wp-content\/uploads\/2015\/07\/lamina-paseo-de-los-curas-sansebastian-cuadro-jpg.jpg\",\"width\":1200,\"height\":1200,\"caption\":\"lamina-paseo-de-los-curas-sansebastian-cuadro-jpg\"},{\"@type\":\"BreadcrumbList\",\"@id\":\"https:\/\/cuadrosterry.com\/producto\/paseo-curas-donostia\/#breadcrumb\",\"itemListElement\":[{\"@type\":\"ListItem\",\"position\":1,\"name\":\"Portada\",\"item\":\"https:\/\/cuadrosterry.com\/fr\/\"},{\"@type\":\"ListItem\",\"position\":2,\"name\":\"Boutique\",\"item\":\"https:\/\/cuadrosterry.com\/tienda\/\"},{\"@type\":\"ListItem\",\"position\":3,\"name\":\"L\u00e1minas de Donostia - San Sebasti\u00e1n\",\"item\":\"https:\/\/cuadrosterry.com\/categoria-producto\/donostia\/\"},{\"@type\":\"ListItem\",\"position\":4,\"name\":\"Paseo de los Curas, Saint-S\u00e9bastien\"}]},{\"@type\":\"WebSite\",\"@id\":\"https:\/\/cuadrosterry.com\/#website\",\"url\":\"https:\/\/cuadrosterry.com\/\",\"name\":\"cuadrosterry.com\",\"description\":\"L\u00e1minas decorativas de cuadros dibujados a carboncillo\",\"publisher\":{\"@id\":\"https:\/\/cuadrosterry.com\/#organization\"},\"potentialAction\":[{\"@type\":\"SearchAction\",\"target\":{\"@type\":\"EntryPoint\",\"urlTemplate\":\"https:\/\/cuadrosterry.com\/?s={search_term_string}\"},\"query-input\":{\"@type\":\"PropertyValueSpecification\",\"valueRequired\":true,\"valueName\":\"search_term_string\"}}],\"inLanguage\":\"fr-FR\"},{\"@type\":\"Organization\",\"@id\":\"https:\/\/cuadrosterry.com\/#organization\",\"name\":\"cuadrosterry.com\",\"url\":\"https:\/\/cuadrosterry.com\/\",\"logo\":{\"@type\":\"ImageObject\",\"inLanguage\":\"fr-FR\",\"@id\":\"https:\/\/cuadrosterry.com\/#\/schema\/logo\/image\/\",\"url\":\"https:\/\/cuadrosterry.com\/wp-content\/uploads\/2023\/02\/cropped-cropped-cuadros-terry-logo-600-230-1.png\",\"contentUrl\":\"https:\/\/cuadrosterry.com\/wp-content\/uploads\/2023\/02\/cropped-cropped-cuadros-terry-logo-600-230-1.png\",\"width\":568,\"height\":212,\"caption\":\"cuadrosterry.com\"},\"image\":{\"@id\":\"https:\/\/cuadrosterry.com\/#\/schema\/logo\/image\/\"},\"sameAs\":[\"https:\/\/www.facebook.com\/CuadrosTerry\/\",\"https:\/\/x.com\/CuadrosTerry\",\"https:\/\/www.instagram.com\/cuadrosterry\/\"]}]}<\/script>\n<!-- \/ Yoast SEO plugin. -->","yoast_head_json":{"title":"Affiche Paseo de los Curas, Saint-S\u00e9bastien","description":"Affiche Paseo de los Curas, Saint-S\u00e9bastien - Gipuzkoa. Les carr\u00e9s Terry. Un bon souvenir de Saint-S\u00e9bastien comme \u00e9l\u00e9ment de d\u00e9coration.","robots":{"index":"index","follow":"follow","max-snippet":"max-snippet:-1","max-image-preview":"max-image-preview:large","max-video-preview":"max-video-preview:-1"},"canonical":"https:\/\/cuadrosterry.com\/producto\/paseo-curas-donostia\/","og_locale":"fr_FR","og_type":"article","og_title":"Affiche Paseo de los Curas, Saint-S\u00e9bastien","og_description":"Affiche Paseo de los Curas, Saint-S\u00e9bastien - Gipuzkoa. Les carr\u00e9s Terry. Un bon souvenir de Saint-S\u00e9bastien comme \u00e9l\u00e9ment de d\u00e9coration.","og_url":"https:\/\/cuadrosterry.com\/producto\/paseo-curas-donostia\/","og_site_name":"cuadrosterry.com","article_publisher":"https:\/\/www.facebook.com\/CuadrosTerry\/","article_modified_time":"2024-02-02T20:21:05+00:00","og_image":[{"width":1200,"height":1200,"url":"https:\/\/cuadrosterry.com\/wp-content\/uploads\/2015\/07\/lamina-paseo-de-los-curas-sansebastian-cuadro-jpg.jpg","type":"image\/jpeg"}],"twitter_card":"summary_large_image","twitter_site":"@CuadrosTerry","twitter_misc":{"Dur\u00e9e de lecture estim\u00e9e":"1 minute"},"schema":{"@context":"https:\/\/schema.org","@graph":[{"@type":"WebPage","@id":"https:\/\/cuadrosterry.com\/producto\/paseo-curas-donostia\/","url":"https:\/\/cuadrosterry.com\/producto\/paseo-curas-donostia\/","name":"Affiche Paseo de los Curas, Saint-S\u00e9bastien","isPartOf":{"@id":"https:\/\/cuadrosterry.com\/#website"},"primaryImageOfPage":{"@id":"https:\/\/cuadrosterry.com\/producto\/paseo-curas-donostia\/#primaryimage"},"image":{"@id":"https:\/\/cuadrosterry.com\/producto\/paseo-curas-donostia\/#primaryimage"},"thumbnailUrl":"https:\/\/cuadrosterry.com\/wp-content\/uploads\/2015\/07\/lamina-paseo-de-los-curas-sansebastian-cuadro-jpg.jpg","datePublished":"2015-07-07T19:15:00+00:00","dateModified":"2024-02-02T20:21:05+00:00","description":"Affiche Paseo de los Curas, Saint-S\u00e9bastien - Gipuzkoa. Les carr\u00e9s Terry. Un bon souvenir de Saint-S\u00e9bastien comme \u00e9l\u00e9ment de d\u00e9coration.","breadcrumb":{"@id":"https:\/\/cuadrosterry.com\/producto\/paseo-curas-donostia\/#breadcrumb"},"inLanguage":"fr-FR","potentialAction":[{"@type":"ReadAction","target":["https:\/\/cuadrosterry.com\/producto\/paseo-curas-donostia\/"]}]},{"@type":"ImageObject","inLanguage":"fr-FR","@id":"https:\/\/cuadrosterry.com\/producto\/paseo-curas-donostia\/#primaryimage","url":"https:\/\/cuadrosterry.com\/wp-content\/uploads\/2015\/07\/lamina-paseo-de-los-curas-sansebastian-cuadro-jpg.jpg","contentUrl":"https:\/\/cuadrosterry.com\/wp-content\/uploads\/2015\/07\/lamina-paseo-de-los-curas-sansebastian-cuadro-jpg.jpg","width":1200,"height":1200,"caption":"lamina-paseo-de-los-curas-sansebastian-cuadro-jpg"},{"@type":"BreadcrumbList","@id":"https:\/\/cuadrosterry.com\/producto\/paseo-curas-donostia\/#breadcrumb","itemListElement":[{"@type":"ListItem","position":1,"name":"Portada","item":"https:\/\/cuadrosterry.com\/fr\/"},{"@type":"ListItem","position":2,"name":"Boutique","item":"https:\/\/cuadrosterry.com\/tienda\/"},{"@type":"ListItem","position":3,"name":"L\u00e1minas de Donostia - San Sebasti\u00e1n","item":"https:\/\/cuadrosterry.com\/categoria-producto\/donostia\/"},{"@type":"ListItem","position":4,"name":"Paseo de los Curas, Saint-S\u00e9bastien"}]},{"@type":"WebSite","@id":"https:\/\/cuadrosterry.com\/#website","url":"https:\/\/cuadrosterry.com\/","name":"cuadrosterry.com","description":"L\u00e1minas decorativas de cuadros dibujados a carboncillo","publisher":{"@id":"https:\/\/cuadrosterry.com\/#organization"},"potentialAction":[{"@type":"SearchAction","target":{"@type":"EntryPoint","urlTemplate":"https:\/\/cuadrosterry.com\/?s={search_term_string}"},"query-input":{"@type":"PropertyValueSpecification","valueRequired":true,"valueName":"search_term_string"}}],"inLanguage":"fr-FR"},{"@type":"Organization","@id":"https:\/\/cuadrosterry.com\/#organization","name":"cuadrosterry.com","url":"https:\/\/cuadrosterry.com\/","logo":{"@type":"ImageObject","inLanguage":"fr-FR","@id":"https:\/\/cuadrosterry.com\/#\/schema\/logo\/image\/","url":"https:\/\/cuadrosterry.com\/wp-content\/uploads\/2023\/02\/cropped-cropped-cuadros-terry-logo-600-230-1.png","contentUrl":"https:\/\/cuadrosterry.com\/wp-content\/uploads\/2023\/02\/cropped-cropped-cuadros-terry-logo-600-230-1.png","width":568,"height":212,"caption":"cuadrosterry.com"},"image":{"@id":"https:\/\/cuadrosterry.com\/#\/schema\/logo\/image\/"},"sameAs":["https:\/\/www.facebook.com\/CuadrosTerry\/","https:\/\/x.com\/CuadrosTerry","https:\/\/www.instagram.com\/cuadrosterry\/"]}]}},"_links":{"self":[{"href":"https:\/\/cuadrosterry.com\/fr\/wp-json\/wp\/v2\/product\/5281","targetHints":{"allow":["GET"]}}],"collection":[{"href":"https:\/\/cuadrosterry.com\/fr\/wp-json\/wp\/v2\/product"}],"about":[{"href":"https:\/\/cuadrosterry.com\/fr\/wp-json\/wp\/v2\/types\/product"}],"replies":[{"embeddable":true,"href":"https:\/\/cuadrosterry.com\/fr\/wp-json\/wp\/v2\/comments?post=5281"}],"version-history":[{"count":3,"href":"https:\/\/cuadrosterry.com\/fr\/wp-json\/wp\/v2\/product\/5281\/revisions"}],"predecessor-version":[{"id":6063,"href":"https:\/\/cuadrosterry.com\/fr\/wp-json\/wp\/v2\/product\/5281\/revisions\/6063"}],"wp:featuredmedia":[{"embeddable":true,"href":"https:\/\/cuadrosterry.com\/fr\/wp-json\/wp\/v2\/media\/5032"}],"wp:attachment":[{"href":"https:\/\/cuadrosterry.com\/fr\/wp-json\/wp\/v2\/media?parent=5281"}],"wp:term":[{"taxonomy":"product_brand","embeddable":true,"href":"https:\/\/cuadrosterry.com\/fr\/wp-json\/wp\/v2\/product_brand?post=5281"},{"taxonomy":"product_cat","embeddable":true,"href":"https:\/\/cuadrosterry.com\/fr\/wp-json\/wp\/v2\/product_cat?post=5281"},{"taxonomy":"product_tag","embeddable":true,"href":"https:\/\/cuadrosterry.com\/fr\/wp-json\/wp\/v2\/product_tag?post=5281"}],"curies":[{"name":"wp","href":"https:\/\/api.w.org\/{rel}","templated":true}]}}