{"id":5306,"date":"2017-03-03T18:31:42","date_gmt":"2017-03-03T18:31:42","guid":{"rendered":"http:\/\/cuadrosterry.com\/producto\/port-de-saint-sebastien-donostia\/"},"modified":"2024-02-02T20:17:26","modified_gmt":"2024-02-02T20:17:26","slug":"port-de-saint-sebastien-donostia","status":"publish","type":"product","link":"https:\/\/cuadrosterry.com\/fr\/producto\/port-de-saint-sebastien-donostia\/","title":{"rendered":"Port de Saint-S\u00e9bastien &#8211; Donostia"},"content":{"rendered":"<p>Un bon souvenir de Saint-S\u00e9bastien comme \u00e9l\u00e9ment de d\u00e9coration<\/p>\n","protected":false},"excerpt":{"rendered":"<p><strong>Affiche du port de Saint-S\u00e9bastien<br \/>\n<\/strong><em>San Cayetano, Guillermita et Divino Jes\u00fas de Praga.<\/em> T\u00e9moins depuis de nombreuses ann\u00e9es de la vie dans le port de Saint-S\u00e9bastien.<\/p>\n","protected":false},"featured_media":5966,"comment_status":"open","ping_status":"closed","template":"","meta":[],"product_brand":[],"product_cat":[197],"product_tag":[198],"class_list":{"0":"post-5306","1":"product","2":"type-product","3":"status-publish","4":"has-post-thumbnail","6":"product_cat-affiches-de-saint-sebastien","7":"product_tag-donostia-fr","8":"sales-flash-overlay","9":"woocommerce-text-align-center","10":"woocommerce-image-align-center","11":"do-quantity-buttons","13":"first","14":"instock","15":"taxable","16":"shipping-taxable","17":"purchasable","18":"product-type-variable"},"yoast_head":"<!-- This site is optimized with the Yoast SEO plugin v26.1 - https:\/\/yoast.com\/wordpress\/plugins\/seo\/ -->\n<title>Affiche Port de Saint-S\u00e9bastien - Gipuzkoa.<\/title>\n<meta name=\"description\" content=\"Affiche Port de Saint-S\u00e9bastien - Gipuzkoa. Un bon souvenir de Saint-S\u00e9bastien. Reproduction d&#039;un dessin au fusain.\" \/>\n<meta name=\"robots\" content=\"index, follow, max-snippet:-1, max-image-preview:large, max-video-preview:-1\" \/>\n<link rel=\"canonical\" href=\"https:\/\/cuadrosterry.com\/producto\/puerto-san-sebastian-donostia\/\" \/>\n<meta property=\"og:locale\" content=\"fr_FR\" \/>\n<meta property=\"og:type\" content=\"article\" \/>\n<meta property=\"og:title\" content=\"Affiche Port de Saint-S\u00e9bastien - Gipuzkoa.\" \/>\n<meta property=\"og:description\" content=\"Affiche Port de Saint-S\u00e9bastien - Gipuzkoa. Un bon souvenir de Saint-S\u00e9bastien. Reproduction d&#039;un dessin au fusain.\" \/>\n<meta property=\"og:url\" content=\"https:\/\/cuadrosterry.com\/producto\/puerto-san-sebastian-donostia\/\" \/>\n<meta property=\"og:site_name\" content=\"cuadrosterry.com\" \/>\n<meta property=\"article:publisher\" content=\"https:\/\/www.facebook.com\/CuadrosTerry\/\" \/>\n<meta property=\"article:modified_time\" content=\"2024-02-02T20:17:26+00:00\" \/>\n<meta property=\"og:image\" content=\"https:\/\/cuadrosterry.com\/wp-content\/uploads\/2017\/03\/lamina-puerto-donostia-cuadro-24.jpg\" \/>\n\t<meta property=\"og:image:width\" content=\"1200\" \/>\n\t<meta property=\"og:image:height\" content=\"1200\" \/>\n\t<meta property=\"og:image:type\" content=\"image\/jpeg\" \/>\n<meta name=\"twitter:card\" content=\"summary_large_image\" \/>\n<meta name=\"twitter:site\" content=\"@CuadrosTerry\" \/>\n<meta name=\"twitter:label1\" content=\"Dur\u00e9e de lecture estim\u00e9e\" \/>\n\t<meta name=\"twitter:data1\" content=\"1 minute\" \/>\n<script type=\"application\/ld+json\" class=\"yoast-schema-graph\">{\"@context\":\"https:\/\/schema.org\",\"@graph\":[{\"@type\":\"WebPage\",\"@id\":\"https:\/\/cuadrosterry.com\/producto\/puerto-san-sebastian-donostia\/\",\"url\":\"https:\/\/cuadrosterry.com\/producto\/puerto-san-sebastian-donostia\/\",\"name\":\"Affiche Port de Saint-S\u00e9bastien - Gipuzkoa.\",\"isPartOf\":{\"@id\":\"https:\/\/cuadrosterry.com\/#website\"},\"primaryImageOfPage\":{\"@id\":\"https:\/\/cuadrosterry.com\/producto\/puerto-san-sebastian-donostia\/#primaryimage\"},\"image\":{\"@id\":\"https:\/\/cuadrosterry.com\/producto\/puerto-san-sebastian-donostia\/#primaryimage\"},\"thumbnailUrl\":\"https:\/\/cuadrosterry.com\/wp-content\/uploads\/2017\/03\/lamina-puerto-donostia-cuadro-24.jpg\",\"datePublished\":\"2017-03-03T18:31:42+00:00\",\"dateModified\":\"2024-02-02T20:17:26+00:00\",\"description\":\"Affiche Port de Saint-S\u00e9bastien - Gipuzkoa. Un bon souvenir de Saint-S\u00e9bastien. Reproduction d'un dessin au fusain.\",\"breadcrumb\":{\"@id\":\"https:\/\/cuadrosterry.com\/producto\/puerto-san-sebastian-donostia\/#breadcrumb\"},\"inLanguage\":\"fr-FR\",\"potentialAction\":[{\"@type\":\"ReadAction\",\"target\":[\"https:\/\/cuadrosterry.com\/producto\/puerto-san-sebastian-donostia\/\"]}]},{\"@type\":\"ImageObject\",\"inLanguage\":\"fr-FR\",\"@id\":\"https:\/\/cuadrosterry.com\/producto\/puerto-san-sebastian-donostia\/#primaryimage\",\"url\":\"https:\/\/cuadrosterry.com\/wp-content\/uploads\/2017\/03\/lamina-puerto-donostia-cuadro-24.jpg\",\"contentUrl\":\"https:\/\/cuadrosterry.com\/wp-content\/uploads\/2017\/03\/lamina-puerto-donostia-cuadro-24.jpg\",\"width\":1200,\"height\":1200,\"caption\":\"lamina-puerto-donostia-cuadro\"},{\"@type\":\"BreadcrumbList\",\"@id\":\"https:\/\/cuadrosterry.com\/producto\/puerto-san-sebastian-donostia\/#breadcrumb\",\"itemListElement\":[{\"@type\":\"ListItem\",\"position\":1,\"name\":\"Portada\",\"item\":\"https:\/\/cuadrosterry.com\/fr\/\"},{\"@type\":\"ListItem\",\"position\":2,\"name\":\"Boutique\",\"item\":\"https:\/\/cuadrosterry.com\/tienda\/\"},{\"@type\":\"ListItem\",\"position\":3,\"name\":\"L\u00e1minas de Donostia - San Sebasti\u00e1n\",\"item\":\"https:\/\/cuadrosterry.com\/categoria-producto\/donostia\/\"},{\"@type\":\"ListItem\",\"position\":4,\"name\":\"Port de Saint-S\u00e9bastien &#8211; Donostia\"}]},{\"@type\":\"WebSite\",\"@id\":\"https:\/\/cuadrosterry.com\/#website\",\"url\":\"https:\/\/cuadrosterry.com\/\",\"name\":\"cuadrosterry.com\",\"description\":\"L\u00e1minas decorativas de cuadros dibujados a carboncillo\",\"publisher\":{\"@id\":\"https:\/\/cuadrosterry.com\/#organization\"},\"potentialAction\":[{\"@type\":\"SearchAction\",\"target\":{\"@type\":\"EntryPoint\",\"urlTemplate\":\"https:\/\/cuadrosterry.com\/?s={search_term_string}\"},\"query-input\":{\"@type\":\"PropertyValueSpecification\",\"valueRequired\":true,\"valueName\":\"search_term_string\"}}],\"inLanguage\":\"fr-FR\"},{\"@type\":\"Organization\",\"@id\":\"https:\/\/cuadrosterry.com\/#organization\",\"name\":\"cuadrosterry.com\",\"url\":\"https:\/\/cuadrosterry.com\/\",\"logo\":{\"@type\":\"ImageObject\",\"inLanguage\":\"fr-FR\",\"@id\":\"https:\/\/cuadrosterry.com\/#\/schema\/logo\/image\/\",\"url\":\"https:\/\/cuadrosterry.com\/wp-content\/uploads\/2023\/02\/cropped-cropped-cuadros-terry-logo-600-230-1.png\",\"contentUrl\":\"https:\/\/cuadrosterry.com\/wp-content\/uploads\/2023\/02\/cropped-cropped-cuadros-terry-logo-600-230-1.png\",\"width\":568,\"height\":212,\"caption\":\"cuadrosterry.com\"},\"image\":{\"@id\":\"https:\/\/cuadrosterry.com\/#\/schema\/logo\/image\/\"},\"sameAs\":[\"https:\/\/www.facebook.com\/CuadrosTerry\/\",\"https:\/\/x.com\/CuadrosTerry\",\"https:\/\/www.instagram.com\/cuadrosterry\/\"]}]}<\/script>\n<!-- \/ Yoast SEO plugin. -->","yoast_head_json":{"title":"Affiche Port de Saint-S\u00e9bastien - Gipuzkoa.","description":"Affiche Port de Saint-S\u00e9bastien - Gipuzkoa. Un bon souvenir de Saint-S\u00e9bastien. Reproduction d'un dessin au fusain.","robots":{"index":"index","follow":"follow","max-snippet":"max-snippet:-1","max-image-preview":"max-image-preview:large","max-video-preview":"max-video-preview:-1"},"canonical":"https:\/\/cuadrosterry.com\/producto\/puerto-san-sebastian-donostia\/","og_locale":"fr_FR","og_type":"article","og_title":"Affiche Port de Saint-S\u00e9bastien - Gipuzkoa.","og_description":"Affiche Port de Saint-S\u00e9bastien - Gipuzkoa. Un bon souvenir de Saint-S\u00e9bastien. Reproduction d'un dessin au fusain.","og_url":"https:\/\/cuadrosterry.com\/producto\/puerto-san-sebastian-donostia\/","og_site_name":"cuadrosterry.com","article_publisher":"https:\/\/www.facebook.com\/CuadrosTerry\/","article_modified_time":"2024-02-02T20:17:26+00:00","og_image":[{"width":1200,"height":1200,"url":"https:\/\/cuadrosterry.com\/wp-content\/uploads\/2017\/03\/lamina-puerto-donostia-cuadro-24.jpg","type":"image\/jpeg"}],"twitter_card":"summary_large_image","twitter_site":"@CuadrosTerry","twitter_misc":{"Dur\u00e9e de lecture estim\u00e9e":"1 minute"},"schema":{"@context":"https:\/\/schema.org","@graph":[{"@type":"WebPage","@id":"https:\/\/cuadrosterry.com\/producto\/puerto-san-sebastian-donostia\/","url":"https:\/\/cuadrosterry.com\/producto\/puerto-san-sebastian-donostia\/","name":"Affiche Port de Saint-S\u00e9bastien - Gipuzkoa.","isPartOf":{"@id":"https:\/\/cuadrosterry.com\/#website"},"primaryImageOfPage":{"@id":"https:\/\/cuadrosterry.com\/producto\/puerto-san-sebastian-donostia\/#primaryimage"},"image":{"@id":"https:\/\/cuadrosterry.com\/producto\/puerto-san-sebastian-donostia\/#primaryimage"},"thumbnailUrl":"https:\/\/cuadrosterry.com\/wp-content\/uploads\/2017\/03\/lamina-puerto-donostia-cuadro-24.jpg","datePublished":"2017-03-03T18:31:42+00:00","dateModified":"2024-02-02T20:17:26+00:00","description":"Affiche Port de Saint-S\u00e9bastien - Gipuzkoa. Un bon souvenir de Saint-S\u00e9bastien. Reproduction d'un dessin au fusain.","breadcrumb":{"@id":"https:\/\/cuadrosterry.com\/producto\/puerto-san-sebastian-donostia\/#breadcrumb"},"inLanguage":"fr-FR","potentialAction":[{"@type":"ReadAction","target":["https:\/\/cuadrosterry.com\/producto\/puerto-san-sebastian-donostia\/"]}]},{"@type":"ImageObject","inLanguage":"fr-FR","@id":"https:\/\/cuadrosterry.com\/producto\/puerto-san-sebastian-donostia\/#primaryimage","url":"https:\/\/cuadrosterry.com\/wp-content\/uploads\/2017\/03\/lamina-puerto-donostia-cuadro-24.jpg","contentUrl":"https:\/\/cuadrosterry.com\/wp-content\/uploads\/2017\/03\/lamina-puerto-donostia-cuadro-24.jpg","width":1200,"height":1200,"caption":"lamina-puerto-donostia-cuadro"},{"@type":"BreadcrumbList","@id":"https:\/\/cuadrosterry.com\/producto\/puerto-san-sebastian-donostia\/#breadcrumb","itemListElement":[{"@type":"ListItem","position":1,"name":"Portada","item":"https:\/\/cuadrosterry.com\/fr\/"},{"@type":"ListItem","position":2,"name":"Boutique","item":"https:\/\/cuadrosterry.com\/tienda\/"},{"@type":"ListItem","position":3,"name":"L\u00e1minas de Donostia - San Sebasti\u00e1n","item":"https:\/\/cuadrosterry.com\/categoria-producto\/donostia\/"},{"@type":"ListItem","position":4,"name":"Port de Saint-S\u00e9bastien &#8211; Donostia"}]},{"@type":"WebSite","@id":"https:\/\/cuadrosterry.com\/#website","url":"https:\/\/cuadrosterry.com\/","name":"cuadrosterry.com","description":"L\u00e1minas decorativas de cuadros dibujados a carboncillo","publisher":{"@id":"https:\/\/cuadrosterry.com\/#organization"},"potentialAction":[{"@type":"SearchAction","target":{"@type":"EntryPoint","urlTemplate":"https:\/\/cuadrosterry.com\/?s={search_term_string}"},"query-input":{"@type":"PropertyValueSpecification","valueRequired":true,"valueName":"search_term_string"}}],"inLanguage":"fr-FR"},{"@type":"Organization","@id":"https:\/\/cuadrosterry.com\/#organization","name":"cuadrosterry.com","url":"https:\/\/cuadrosterry.com\/","logo":{"@type":"ImageObject","inLanguage":"fr-FR","@id":"https:\/\/cuadrosterry.com\/#\/schema\/logo\/image\/","url":"https:\/\/cuadrosterry.com\/wp-content\/uploads\/2023\/02\/cropped-cropped-cuadros-terry-logo-600-230-1.png","contentUrl":"https:\/\/cuadrosterry.com\/wp-content\/uploads\/2023\/02\/cropped-cropped-cuadros-terry-logo-600-230-1.png","width":568,"height":212,"caption":"cuadrosterry.com"},"image":{"@id":"https:\/\/cuadrosterry.com\/#\/schema\/logo\/image\/"},"sameAs":["https:\/\/www.facebook.com\/CuadrosTerry\/","https:\/\/x.com\/CuadrosTerry","https:\/\/www.instagram.com\/cuadrosterry\/"]}]}},"_links":{"self":[{"href":"https:\/\/cuadrosterry.com\/fr\/wp-json\/wp\/v2\/product\/5306","targetHints":{"allow":["GET"]}}],"collection":[{"href":"https:\/\/cuadrosterry.com\/fr\/wp-json\/wp\/v2\/product"}],"about":[{"href":"https:\/\/cuadrosterry.com\/fr\/wp-json\/wp\/v2\/types\/product"}],"replies":[{"embeddable":true,"href":"https:\/\/cuadrosterry.com\/fr\/wp-json\/wp\/v2\/comments?post=5306"}],"version-history":[{"count":2,"href":"https:\/\/cuadrosterry.com\/fr\/wp-json\/wp\/v2\/product\/5306\/revisions"}],"predecessor-version":[{"id":6057,"href":"https:\/\/cuadrosterry.com\/fr\/wp-json\/wp\/v2\/product\/5306\/revisions\/6057"}],"wp:featuredmedia":[{"embeddable":true,"href":"https:\/\/cuadrosterry.com\/fr\/wp-json\/wp\/v2\/media\/5966"}],"wp:attachment":[{"href":"https:\/\/cuadrosterry.com\/fr\/wp-json\/wp\/v2\/media?parent=5306"}],"wp:term":[{"taxonomy":"product_brand","embeddable":true,"href":"https:\/\/cuadrosterry.com\/fr\/wp-json\/wp\/v2\/product_brand?post=5306"},{"taxonomy":"product_cat","embeddable":true,"href":"https:\/\/cuadrosterry.com\/fr\/wp-json\/wp\/v2\/product_cat?post=5306"},{"taxonomy":"product_tag","embeddable":true,"href":"https:\/\/cuadrosterry.com\/fr\/wp-json\/wp\/v2\/product_tag?post=5306"}],"curies":[{"name":"wp","href":"https:\/\/api.w.org\/{rel}","templated":true}]}}