{"id":5375,"date":"2017-03-03T18:37:57","date_gmt":"2017-03-03T18:37:57","guid":{"rendered":"http:\/\/cuadrosterry.com\/producto\/pont-suspendu-de-portugalete-bizkaia\/"},"modified":"2024-01-15T18:23:57","modified_gmt":"2024-01-15T18:23:57","slug":"pont-suspendu-de-portugalete-bizkaia","status":"publish","type":"product","link":"https:\/\/cuadrosterry.com\/fr\/producto\/pont-suspendu-de-portugalete-bizkaia\/","title":{"rendered":"Pont suspendu de Portugalete &#8211; Bizkaia"},"content":{"rendered":"<p>Un bon souvenir de Portugalete en Bizkaia comme \u00e9l\u00e9ment de d\u00e9coration.<\/p>\n<p>&nbsp;<\/p>\n","protected":false},"excerpt":{"rendered":"<p><strong>Portugalete Suspension Bridge Print<br \/>\n<\/strong>Un joli souvenir de Portugalete en Bizkaia comme \u00e9l\u00e9ment de d\u00e9coration.<\/p>\n","protected":false},"featured_media":5090,"comment_status":"open","ping_status":"closed","template":"","meta":[],"product_brand":[],"product_cat":[213],"product_tag":[223],"class_list":{"0":"post-5375","1":"product","2":"type-product","3":"status-publish","4":"has-post-thumbnail","6":"product_cat-affiches-de-biscaye","7":"product_tag-biscaye","8":"sales-flash-overlay","9":"woocommerce-text-align-center","10":"woocommerce-image-align-center","11":"do-quantity-buttons","12":"wc-has-gallery","14":"first","15":"instock","16":"featured","17":"taxable","18":"shipping-taxable","19":"purchasable","20":"product-type-variable"},"yoast_head":"<!-- This site is optimized with the Yoast SEO plugin v26.1 - https:\/\/yoast.com\/wordpress\/plugins\/seo\/ -->\n<title>Pont suspendu - Portugalete - Bizkaia. Peintures de Terry<\/title>\n<meta name=\"description\" content=\"Pont suspendu de Portugalete - Bizkaia. Les carr\u00e9s Terry. Un bon souvenir de Portugalete comme \u00e9l\u00e9ment de d\u00e9coration. Reproduction de films.\" \/>\n<meta name=\"robots\" content=\"index, follow, max-snippet:-1, max-image-preview:large, max-video-preview:-1\" \/>\n<link rel=\"canonical\" href=\"https:\/\/cuadrosterry.com\/producto\/puente-colgante-portugalete-bizkaia\/\" \/>\n<meta property=\"og:locale\" content=\"fr_FR\" \/>\n<meta property=\"og:type\" content=\"article\" \/>\n<meta property=\"og:title\" content=\"Pont suspendu - Portugalete - Bizkaia. Peintures de Terry\" \/>\n<meta property=\"og:description\" content=\"Pont suspendu de Portugalete - Bizkaia. Les carr\u00e9s Terry. Un bon souvenir de Portugalete comme \u00e9l\u00e9ment de d\u00e9coration. Reproduction de films.\" \/>\n<meta property=\"og:url\" content=\"https:\/\/cuadrosterry.com\/producto\/puente-colgante-portugalete-bizkaia\/\" \/>\n<meta property=\"og:site_name\" content=\"cuadrosterry.com\" \/>\n<meta property=\"article:publisher\" content=\"https:\/\/www.facebook.com\/CuadrosTerry\/\" \/>\n<meta property=\"article:modified_time\" content=\"2024-01-15T18:23:57+00:00\" \/>\n<meta property=\"og:image\" content=\"https:\/\/cuadrosterry.com\/wp-content\/uploads\/2017\/03\/lamina-puente-colgante-portugalete-bizkaia.jpg\" \/>\n\t<meta property=\"og:image:width\" content=\"1200\" \/>\n\t<meta property=\"og:image:height\" content=\"1200\" \/>\n\t<meta property=\"og:image:type\" content=\"image\/jpeg\" \/>\n<meta name=\"twitter:card\" content=\"summary_large_image\" \/>\n<meta name=\"twitter:site\" content=\"@CuadrosTerry\" \/>\n<script type=\"application\/ld+json\" class=\"yoast-schema-graph\">{\"@context\":\"https:\/\/schema.org\",\"@graph\":[{\"@type\":\"WebPage\",\"@id\":\"https:\/\/cuadrosterry.com\/producto\/puente-colgante-portugalete-bizkaia\/\",\"url\":\"https:\/\/cuadrosterry.com\/producto\/puente-colgante-portugalete-bizkaia\/\",\"name\":\"Pont suspendu - Portugalete - Bizkaia. Peintures de Terry\",\"isPartOf\":{\"@id\":\"https:\/\/cuadrosterry.com\/#website\"},\"primaryImageOfPage\":{\"@id\":\"https:\/\/cuadrosterry.com\/producto\/puente-colgante-portugalete-bizkaia\/#primaryimage\"},\"image\":{\"@id\":\"https:\/\/cuadrosterry.com\/producto\/puente-colgante-portugalete-bizkaia\/#primaryimage\"},\"thumbnailUrl\":\"https:\/\/cuadrosterry.com\/wp-content\/uploads\/2017\/03\/lamina-puente-colgante-portugalete-bizkaia.jpg\",\"datePublished\":\"2017-03-03T18:37:57+00:00\",\"dateModified\":\"2024-01-15T18:23:57+00:00\",\"description\":\"Pont suspendu de Portugalete - Bizkaia. Les carr\u00e9s Terry. Un bon souvenir de Portugalete comme \u00e9l\u00e9ment de d\u00e9coration. Reproduction de films.\",\"breadcrumb\":{\"@id\":\"https:\/\/cuadrosterry.com\/producto\/puente-colgante-portugalete-bizkaia\/#breadcrumb\"},\"inLanguage\":\"fr-FR\",\"potentialAction\":[{\"@type\":\"ReadAction\",\"target\":[\"https:\/\/cuadrosterry.com\/producto\/puente-colgante-portugalete-bizkaia\/\"]}]},{\"@type\":\"ImageObject\",\"inLanguage\":\"fr-FR\",\"@id\":\"https:\/\/cuadrosterry.com\/producto\/puente-colgante-portugalete-bizkaia\/#primaryimage\",\"url\":\"https:\/\/cuadrosterry.com\/wp-content\/uploads\/2017\/03\/lamina-puente-colgante-portugalete-bizkaia.jpg\",\"contentUrl\":\"https:\/\/cuadrosterry.com\/wp-content\/uploads\/2017\/03\/lamina-puente-colgante-portugalete-bizkaia.jpg\",\"width\":1200,\"height\":1200,\"caption\":\"lamina-bridge-pendentif-portugalete-bizkaia\"},{\"@type\":\"BreadcrumbList\",\"@id\":\"https:\/\/cuadrosterry.com\/producto\/puente-colgante-portugalete-bizkaia\/#breadcrumb\",\"itemListElement\":[{\"@type\":\"ListItem\",\"position\":1,\"name\":\"Portada\",\"item\":\"https:\/\/cuadrosterry.com\/fr\/\"},{\"@type\":\"ListItem\",\"position\":2,\"name\":\"Boutique\",\"item\":\"https:\/\/cuadrosterry.com\/tienda\/\"},{\"@type\":\"ListItem\",\"position\":3,\"name\":\"L\u00e1minas de Bizkaia\",\"item\":\"https:\/\/cuadrosterry.com\/categoria-producto\/bizkaia\/\"},{\"@type\":\"ListItem\",\"position\":4,\"name\":\"Pont suspendu de Portugalete &#8211; Bizkaia\"}]},{\"@type\":\"WebSite\",\"@id\":\"https:\/\/cuadrosterry.com\/#website\",\"url\":\"https:\/\/cuadrosterry.com\/\",\"name\":\"cuadrosterry.com\",\"description\":\"L\u00e1minas decorativas de cuadros dibujados a carboncillo\",\"publisher\":{\"@id\":\"https:\/\/cuadrosterry.com\/#organization\"},\"potentialAction\":[{\"@type\":\"SearchAction\",\"target\":{\"@type\":\"EntryPoint\",\"urlTemplate\":\"https:\/\/cuadrosterry.com\/?s={search_term_string}\"},\"query-input\":{\"@type\":\"PropertyValueSpecification\",\"valueRequired\":true,\"valueName\":\"search_term_string\"}}],\"inLanguage\":\"fr-FR\"},{\"@type\":\"Organization\",\"@id\":\"https:\/\/cuadrosterry.com\/#organization\",\"name\":\"cuadrosterry.com\",\"url\":\"https:\/\/cuadrosterry.com\/\",\"logo\":{\"@type\":\"ImageObject\",\"inLanguage\":\"fr-FR\",\"@id\":\"https:\/\/cuadrosterry.com\/#\/schema\/logo\/image\/\",\"url\":\"https:\/\/cuadrosterry.com\/wp-content\/uploads\/2023\/02\/cropped-cropped-cuadros-terry-logo-600-230-1.png\",\"contentUrl\":\"https:\/\/cuadrosterry.com\/wp-content\/uploads\/2023\/02\/cropped-cropped-cuadros-terry-logo-600-230-1.png\",\"width\":568,\"height\":212,\"caption\":\"cuadrosterry.com\"},\"image\":{\"@id\":\"https:\/\/cuadrosterry.com\/#\/schema\/logo\/image\/\"},\"sameAs\":[\"https:\/\/www.facebook.com\/CuadrosTerry\/\",\"https:\/\/x.com\/CuadrosTerry\",\"https:\/\/www.instagram.com\/cuadrosterry\/\"]}]}<\/script>\n<!-- \/ Yoast SEO plugin. -->","yoast_head_json":{"title":"Pont suspendu - Portugalete - Bizkaia. Peintures de Terry","description":"Pont suspendu de Portugalete - Bizkaia. Les carr\u00e9s Terry. Un bon souvenir de Portugalete comme \u00e9l\u00e9ment de d\u00e9coration. Reproduction de films.","robots":{"index":"index","follow":"follow","max-snippet":"max-snippet:-1","max-image-preview":"max-image-preview:large","max-video-preview":"max-video-preview:-1"},"canonical":"https:\/\/cuadrosterry.com\/producto\/puente-colgante-portugalete-bizkaia\/","og_locale":"fr_FR","og_type":"article","og_title":"Pont suspendu - Portugalete - Bizkaia. Peintures de Terry","og_description":"Pont suspendu de Portugalete - Bizkaia. Les carr\u00e9s Terry. Un bon souvenir de Portugalete comme \u00e9l\u00e9ment de d\u00e9coration. Reproduction de films.","og_url":"https:\/\/cuadrosterry.com\/producto\/puente-colgante-portugalete-bizkaia\/","og_site_name":"cuadrosterry.com","article_publisher":"https:\/\/www.facebook.com\/CuadrosTerry\/","article_modified_time":"2024-01-15T18:23:57+00:00","og_image":[{"width":1200,"height":1200,"url":"https:\/\/cuadrosterry.com\/wp-content\/uploads\/2017\/03\/lamina-puente-colgante-portugalete-bizkaia.jpg","type":"image\/jpeg"}],"twitter_card":"summary_large_image","twitter_site":"@CuadrosTerry","schema":{"@context":"https:\/\/schema.org","@graph":[{"@type":"WebPage","@id":"https:\/\/cuadrosterry.com\/producto\/puente-colgante-portugalete-bizkaia\/","url":"https:\/\/cuadrosterry.com\/producto\/puente-colgante-portugalete-bizkaia\/","name":"Pont suspendu - Portugalete - Bizkaia. Peintures de Terry","isPartOf":{"@id":"https:\/\/cuadrosterry.com\/#website"},"primaryImageOfPage":{"@id":"https:\/\/cuadrosterry.com\/producto\/puente-colgante-portugalete-bizkaia\/#primaryimage"},"image":{"@id":"https:\/\/cuadrosterry.com\/producto\/puente-colgante-portugalete-bizkaia\/#primaryimage"},"thumbnailUrl":"https:\/\/cuadrosterry.com\/wp-content\/uploads\/2017\/03\/lamina-puente-colgante-portugalete-bizkaia.jpg","datePublished":"2017-03-03T18:37:57+00:00","dateModified":"2024-01-15T18:23:57+00:00","description":"Pont suspendu de Portugalete - Bizkaia. Les carr\u00e9s Terry. Un bon souvenir de Portugalete comme \u00e9l\u00e9ment de d\u00e9coration. Reproduction de films.","breadcrumb":{"@id":"https:\/\/cuadrosterry.com\/producto\/puente-colgante-portugalete-bizkaia\/#breadcrumb"},"inLanguage":"fr-FR","potentialAction":[{"@type":"ReadAction","target":["https:\/\/cuadrosterry.com\/producto\/puente-colgante-portugalete-bizkaia\/"]}]},{"@type":"ImageObject","inLanguage":"fr-FR","@id":"https:\/\/cuadrosterry.com\/producto\/puente-colgante-portugalete-bizkaia\/#primaryimage","url":"https:\/\/cuadrosterry.com\/wp-content\/uploads\/2017\/03\/lamina-puente-colgante-portugalete-bizkaia.jpg","contentUrl":"https:\/\/cuadrosterry.com\/wp-content\/uploads\/2017\/03\/lamina-puente-colgante-portugalete-bizkaia.jpg","width":1200,"height":1200,"caption":"lamina-bridge-pendentif-portugalete-bizkaia"},{"@type":"BreadcrumbList","@id":"https:\/\/cuadrosterry.com\/producto\/puente-colgante-portugalete-bizkaia\/#breadcrumb","itemListElement":[{"@type":"ListItem","position":1,"name":"Portada","item":"https:\/\/cuadrosterry.com\/fr\/"},{"@type":"ListItem","position":2,"name":"Boutique","item":"https:\/\/cuadrosterry.com\/tienda\/"},{"@type":"ListItem","position":3,"name":"L\u00e1minas de Bizkaia","item":"https:\/\/cuadrosterry.com\/categoria-producto\/bizkaia\/"},{"@type":"ListItem","position":4,"name":"Pont suspendu de Portugalete &#8211; Bizkaia"}]},{"@type":"WebSite","@id":"https:\/\/cuadrosterry.com\/#website","url":"https:\/\/cuadrosterry.com\/","name":"cuadrosterry.com","description":"L\u00e1minas decorativas de cuadros dibujados a carboncillo","publisher":{"@id":"https:\/\/cuadrosterry.com\/#organization"},"potentialAction":[{"@type":"SearchAction","target":{"@type":"EntryPoint","urlTemplate":"https:\/\/cuadrosterry.com\/?s={search_term_string}"},"query-input":{"@type":"PropertyValueSpecification","valueRequired":true,"valueName":"search_term_string"}}],"inLanguage":"fr-FR"},{"@type":"Organization","@id":"https:\/\/cuadrosterry.com\/#organization","name":"cuadrosterry.com","url":"https:\/\/cuadrosterry.com\/","logo":{"@type":"ImageObject","inLanguage":"fr-FR","@id":"https:\/\/cuadrosterry.com\/#\/schema\/logo\/image\/","url":"https:\/\/cuadrosterry.com\/wp-content\/uploads\/2023\/02\/cropped-cropped-cuadros-terry-logo-600-230-1.png","contentUrl":"https:\/\/cuadrosterry.com\/wp-content\/uploads\/2023\/02\/cropped-cropped-cuadros-terry-logo-600-230-1.png","width":568,"height":212,"caption":"cuadrosterry.com"},"image":{"@id":"https:\/\/cuadrosterry.com\/#\/schema\/logo\/image\/"},"sameAs":["https:\/\/www.facebook.com\/CuadrosTerry\/","https:\/\/x.com\/CuadrosTerry","https:\/\/www.instagram.com\/cuadrosterry\/"]}]}},"_links":{"self":[{"href":"https:\/\/cuadrosterry.com\/fr\/wp-json\/wp\/v2\/product\/5375","targetHints":{"allow":["GET"]}}],"collection":[{"href":"https:\/\/cuadrosterry.com\/fr\/wp-json\/wp\/v2\/product"}],"about":[{"href":"https:\/\/cuadrosterry.com\/fr\/wp-json\/wp\/v2\/types\/product"}],"replies":[{"embeddable":true,"href":"https:\/\/cuadrosterry.com\/fr\/wp-json\/wp\/v2\/comments?post=5375"}],"version-history":[{"count":1,"href":"https:\/\/cuadrosterry.com\/fr\/wp-json\/wp\/v2\/product\/5375\/revisions"}],"predecessor-version":[{"id":5396,"href":"https:\/\/cuadrosterry.com\/fr\/wp-json\/wp\/v2\/product\/5375\/revisions\/5396"}],"wp:featuredmedia":[{"embeddable":true,"href":"https:\/\/cuadrosterry.com\/fr\/wp-json\/wp\/v2\/media\/5090"}],"wp:attachment":[{"href":"https:\/\/cuadrosterry.com\/fr\/wp-json\/wp\/v2\/media?parent=5375"}],"wp:term":[{"taxonomy":"product_brand","embeddable":true,"href":"https:\/\/cuadrosterry.com\/fr\/wp-json\/wp\/v2\/product_brand?post=5375"},{"taxonomy":"product_cat","embeddable":true,"href":"https:\/\/cuadrosterry.com\/fr\/wp-json\/wp\/v2\/product_cat?post=5375"},{"taxonomy":"product_tag","embeddable":true,"href":"https:\/\/cuadrosterry.com\/fr\/wp-json\/wp\/v2\/product_tag?post=5375"}],"curies":[{"name":"wp","href":"https:\/\/api.w.org\/{rel}","templated":true}]}}