{"id":5417,"date":"2016-11-16T16:16:27","date_gmt":"2016-11-16T16:16:27","guid":{"rendered":"http:\/\/cuadrosterry.com\/producto\/peigne-a-vent-donostia-san-sebastian\/"},"modified":"2024-02-02T20:18:47","modified_gmt":"2024-02-02T20:18:47","slug":"peigne-a-vent-donostia-san-sebastian","status":"publish","type":"product","link":"https:\/\/cuadrosterry.com\/fr\/producto\/peigne-a-vent-donostia-san-sebastian\/","title":{"rendered":"Peigne \u00e0 vent, Saint-S\u00e9bastien"},"content":{"rendered":"<p>Un bon souvenir du peigne \u00e0 vent de Saint-S\u00e9bastien en tant que pi\u00e8ce d\u00e9corative.<\/p>\n<p>&nbsp;<\/p>\n","protected":false},"excerpt":{"rendered":"<p><strong>Affiche <em>Peine del viento en San Sebasti\u00e1n<\/em><br \/>\n<\/strong>Un bon souvenir de la sculpture d&rsquo;Eduardo Chillida \u00e0 Saint-S\u00e9bastien comme pi\u00e8ce d\u00e9corative.<\/p>\n","protected":false},"featured_media":5963,"comment_status":"open","ping_status":"closed","template":"","meta":[],"product_brand":[],"product_cat":[197],"product_tag":[198,226,200],"class_list":{"0":"post-5417","1":"product","2":"type-product","3":"status-publish","4":"has-post-thumbnail","6":"product_cat-affiches-de-saint-sebastien","7":"product_tag-donostia-fr","8":"product_tag-peigne-du-vent","9":"product_tag-saint-sebastien","10":"sales-flash-overlay","11":"woocommerce-text-align-center","12":"woocommerce-image-align-center","13":"do-quantity-buttons","15":"first","16":"instock","17":"featured","18":"taxable","19":"shipping-taxable","20":"purchasable","21":"product-type-variable"},"yoast_head":"<!-- This site is optimized with the Yoast SEO plugin v26.1 - https:\/\/yoast.com\/wordpress\/plugins\/seo\/ -->\n<title>Affiche Peigne \u00e0 vent. Saint-S\u00e9bastien Cuadros Terry<\/title>\n<meta name=\"description\" content=\"Affiche du Peigne du vent \u00e0 Saint-S\u00e9bastien. Cuadros Terry - Un beau souvenir de Saint-S\u00e9bastien comme \u00e9l\u00e9ment de d\u00e9coration\" \/>\n<meta name=\"robots\" content=\"index, follow, max-snippet:-1, max-image-preview:large, max-video-preview:-1\" \/>\n<link rel=\"canonical\" href=\"https:\/\/cuadrosterry.com\/producto\/peine-del-viento\/\" \/>\n<meta property=\"og:locale\" content=\"fr_FR\" \/>\n<meta property=\"og:type\" content=\"article\" \/>\n<meta property=\"og:title\" content=\"Affiche Peigne \u00e0 vent. Saint-S\u00e9bastien Cuadros Terry\" \/>\n<meta property=\"og:description\" content=\"Dessin au fusain du Peigne du vent \u00e0 Donostia - San Sebasti\u00e1n. Cuadros Terry - Un beau souvenir de Saint-S\u00e9bastien comme \u00e9l\u00e9ment de d\u00e9coration\" \/>\n<meta property=\"og:url\" content=\"https:\/\/cuadrosterry.com\/producto\/peine-del-viento\/\" \/>\n<meta property=\"og:site_name\" content=\"cuadrosterry.com\" \/>\n<meta property=\"article:publisher\" content=\"https:\/\/www.facebook.com\/CuadrosTerry\/\" \/>\n<meta property=\"article:modified_time\" content=\"2024-02-02T20:18:47+00:00\" \/>\n<meta property=\"og:image\" content=\"https:\/\/cuadrosterry.com\/wp-content\/uploads\/2016\/11\/lamina-peine-del-viento-sansebastian-cuadro24.jpg\" \/>\n\t<meta property=\"og:image:width\" content=\"1200\" \/>\n\t<meta property=\"og:image:height\" content=\"1200\" \/>\n\t<meta property=\"og:image:type\" content=\"image\/jpeg\" \/>\n<meta name=\"twitter:card\" content=\"summary_large_image\" \/>\n<meta name=\"twitter:site\" content=\"@CuadrosTerry\" \/>\n<meta name=\"twitter:label1\" content=\"Dur\u00e9e de lecture estim\u00e9e\" \/>\n\t<meta name=\"twitter:data1\" content=\"1 minute\" \/>\n<script type=\"application\/ld+json\" class=\"yoast-schema-graph\">{\"@context\":\"https:\/\/schema.org\",\"@graph\":[{\"@type\":\"WebPage\",\"@id\":\"https:\/\/cuadrosterry.com\/producto\/peine-del-viento\/\",\"url\":\"https:\/\/cuadrosterry.com\/producto\/peine-del-viento\/\",\"name\":\"Affiche Peigne \u00e0 vent. Saint-S\u00e9bastien Cuadros Terry\",\"isPartOf\":{\"@id\":\"https:\/\/cuadrosterry.com\/#website\"},\"primaryImageOfPage\":{\"@id\":\"https:\/\/cuadrosterry.com\/producto\/peine-del-viento\/#primaryimage\"},\"image\":{\"@id\":\"https:\/\/cuadrosterry.com\/producto\/peine-del-viento\/#primaryimage\"},\"thumbnailUrl\":\"https:\/\/cuadrosterry.com\/wp-content\/uploads\/2016\/11\/lamina-peine-del-viento-sansebastian-cuadro24.jpg\",\"datePublished\":\"2016-11-16T16:16:27+00:00\",\"dateModified\":\"2024-02-02T20:18:47+00:00\",\"description\":\"Affiche du Peigne du vent \u00e0 Saint-S\u00e9bastien. Cuadros Terry - Un beau souvenir de Saint-S\u00e9bastien comme \u00e9l\u00e9ment de d\u00e9coration\",\"breadcrumb\":{\"@id\":\"https:\/\/cuadrosterry.com\/producto\/peine-del-viento\/#breadcrumb\"},\"inLanguage\":\"fr-FR\",\"potentialAction\":[{\"@type\":\"ReadAction\",\"target\":[\"https:\/\/cuadrosterry.com\/producto\/peine-del-viento\/\"]}]},{\"@type\":\"ImageObject\",\"inLanguage\":\"fr-FR\",\"@id\":\"https:\/\/cuadrosterry.com\/producto\/peine-del-viento\/#primaryimage\",\"url\":\"https:\/\/cuadrosterry.com\/wp-content\/uploads\/2016\/11\/lamina-peine-del-viento-sansebastian-cuadro24.jpg\",\"contentUrl\":\"https:\/\/cuadrosterry.com\/wp-content\/uploads\/2016\/11\/lamina-peine-del-viento-sansebastian-cuadro24.jpg\",\"width\":1200,\"height\":1200,\"caption\":\"lamina-peine-del-viento-donostia-cuadro\"},{\"@type\":\"BreadcrumbList\",\"@id\":\"https:\/\/cuadrosterry.com\/producto\/peine-del-viento\/#breadcrumb\",\"itemListElement\":[{\"@type\":\"ListItem\",\"position\":1,\"name\":\"Portada\",\"item\":\"https:\/\/cuadrosterry.com\/fr\/\"},{\"@type\":\"ListItem\",\"position\":2,\"name\":\"Boutique\",\"item\":\"https:\/\/cuadrosterry.com\/tienda\/\"},{\"@type\":\"ListItem\",\"position\":3,\"name\":\"L\u00e1minas de Donostia - San Sebasti\u00e1n\",\"item\":\"https:\/\/cuadrosterry.com\/categoria-producto\/donostia\/\"},{\"@type\":\"ListItem\",\"position\":4,\"name\":\"Peigne \u00e0 vent, Saint-S\u00e9bastien\"}]},{\"@type\":\"WebSite\",\"@id\":\"https:\/\/cuadrosterry.com\/#website\",\"url\":\"https:\/\/cuadrosterry.com\/\",\"name\":\"cuadrosterry.com\",\"description\":\"L\u00e1minas decorativas de cuadros dibujados a carboncillo\",\"publisher\":{\"@id\":\"https:\/\/cuadrosterry.com\/#organization\"},\"potentialAction\":[{\"@type\":\"SearchAction\",\"target\":{\"@type\":\"EntryPoint\",\"urlTemplate\":\"https:\/\/cuadrosterry.com\/?s={search_term_string}\"},\"query-input\":{\"@type\":\"PropertyValueSpecification\",\"valueRequired\":true,\"valueName\":\"search_term_string\"}}],\"inLanguage\":\"fr-FR\"},{\"@type\":\"Organization\",\"@id\":\"https:\/\/cuadrosterry.com\/#organization\",\"name\":\"cuadrosterry.com\",\"url\":\"https:\/\/cuadrosterry.com\/\",\"logo\":{\"@type\":\"ImageObject\",\"inLanguage\":\"fr-FR\",\"@id\":\"https:\/\/cuadrosterry.com\/#\/schema\/logo\/image\/\",\"url\":\"https:\/\/cuadrosterry.com\/wp-content\/uploads\/2023\/02\/cropped-cropped-cuadros-terry-logo-600-230-1.png\",\"contentUrl\":\"https:\/\/cuadrosterry.com\/wp-content\/uploads\/2023\/02\/cropped-cropped-cuadros-terry-logo-600-230-1.png\",\"width\":568,\"height\":212,\"caption\":\"cuadrosterry.com\"},\"image\":{\"@id\":\"https:\/\/cuadrosterry.com\/#\/schema\/logo\/image\/\"},\"sameAs\":[\"https:\/\/www.facebook.com\/CuadrosTerry\/\",\"https:\/\/x.com\/CuadrosTerry\",\"https:\/\/www.instagram.com\/cuadrosterry\/\"]}]}<\/script>\n<!-- \/ Yoast SEO plugin. -->","yoast_head_json":{"title":"Affiche Peigne \u00e0 vent. Saint-S\u00e9bastien Cuadros Terry","description":"Affiche du Peigne du vent \u00e0 Saint-S\u00e9bastien. Cuadros Terry - Un beau souvenir de Saint-S\u00e9bastien comme \u00e9l\u00e9ment de d\u00e9coration","robots":{"index":"index","follow":"follow","max-snippet":"max-snippet:-1","max-image-preview":"max-image-preview:large","max-video-preview":"max-video-preview:-1"},"canonical":"https:\/\/cuadrosterry.com\/producto\/peine-del-viento\/","og_locale":"fr_FR","og_type":"article","og_title":"Affiche Peigne \u00e0 vent. Saint-S\u00e9bastien Cuadros Terry","og_description":"Dessin au fusain du Peigne du vent \u00e0 Donostia - San Sebasti\u00e1n. Cuadros Terry - Un beau souvenir de Saint-S\u00e9bastien comme \u00e9l\u00e9ment de d\u00e9coration","og_url":"https:\/\/cuadrosterry.com\/producto\/peine-del-viento\/","og_site_name":"cuadrosterry.com","article_publisher":"https:\/\/www.facebook.com\/CuadrosTerry\/","article_modified_time":"2024-02-02T20:18:47+00:00","og_image":[{"width":1200,"height":1200,"url":"https:\/\/cuadrosterry.com\/wp-content\/uploads\/2016\/11\/lamina-peine-del-viento-sansebastian-cuadro24.jpg","type":"image\/jpeg"}],"twitter_card":"summary_large_image","twitter_site":"@CuadrosTerry","twitter_misc":{"Dur\u00e9e de lecture estim\u00e9e":"1 minute"},"schema":{"@context":"https:\/\/schema.org","@graph":[{"@type":"WebPage","@id":"https:\/\/cuadrosterry.com\/producto\/peine-del-viento\/","url":"https:\/\/cuadrosterry.com\/producto\/peine-del-viento\/","name":"Affiche Peigne \u00e0 vent. Saint-S\u00e9bastien Cuadros Terry","isPartOf":{"@id":"https:\/\/cuadrosterry.com\/#website"},"primaryImageOfPage":{"@id":"https:\/\/cuadrosterry.com\/producto\/peine-del-viento\/#primaryimage"},"image":{"@id":"https:\/\/cuadrosterry.com\/producto\/peine-del-viento\/#primaryimage"},"thumbnailUrl":"https:\/\/cuadrosterry.com\/wp-content\/uploads\/2016\/11\/lamina-peine-del-viento-sansebastian-cuadro24.jpg","datePublished":"2016-11-16T16:16:27+00:00","dateModified":"2024-02-02T20:18:47+00:00","description":"Affiche du Peigne du vent \u00e0 Saint-S\u00e9bastien. Cuadros Terry - Un beau souvenir de Saint-S\u00e9bastien comme \u00e9l\u00e9ment de d\u00e9coration","breadcrumb":{"@id":"https:\/\/cuadrosterry.com\/producto\/peine-del-viento\/#breadcrumb"},"inLanguage":"fr-FR","potentialAction":[{"@type":"ReadAction","target":["https:\/\/cuadrosterry.com\/producto\/peine-del-viento\/"]}]},{"@type":"ImageObject","inLanguage":"fr-FR","@id":"https:\/\/cuadrosterry.com\/producto\/peine-del-viento\/#primaryimage","url":"https:\/\/cuadrosterry.com\/wp-content\/uploads\/2016\/11\/lamina-peine-del-viento-sansebastian-cuadro24.jpg","contentUrl":"https:\/\/cuadrosterry.com\/wp-content\/uploads\/2016\/11\/lamina-peine-del-viento-sansebastian-cuadro24.jpg","width":1200,"height":1200,"caption":"lamina-peine-del-viento-donostia-cuadro"},{"@type":"BreadcrumbList","@id":"https:\/\/cuadrosterry.com\/producto\/peine-del-viento\/#breadcrumb","itemListElement":[{"@type":"ListItem","position":1,"name":"Portada","item":"https:\/\/cuadrosterry.com\/fr\/"},{"@type":"ListItem","position":2,"name":"Boutique","item":"https:\/\/cuadrosterry.com\/tienda\/"},{"@type":"ListItem","position":3,"name":"L\u00e1minas de Donostia - San Sebasti\u00e1n","item":"https:\/\/cuadrosterry.com\/categoria-producto\/donostia\/"},{"@type":"ListItem","position":4,"name":"Peigne \u00e0 vent, Saint-S\u00e9bastien"}]},{"@type":"WebSite","@id":"https:\/\/cuadrosterry.com\/#website","url":"https:\/\/cuadrosterry.com\/","name":"cuadrosterry.com","description":"L\u00e1minas decorativas de cuadros dibujados a carboncillo","publisher":{"@id":"https:\/\/cuadrosterry.com\/#organization"},"potentialAction":[{"@type":"SearchAction","target":{"@type":"EntryPoint","urlTemplate":"https:\/\/cuadrosterry.com\/?s={search_term_string}"},"query-input":{"@type":"PropertyValueSpecification","valueRequired":true,"valueName":"search_term_string"}}],"inLanguage":"fr-FR"},{"@type":"Organization","@id":"https:\/\/cuadrosterry.com\/#organization","name":"cuadrosterry.com","url":"https:\/\/cuadrosterry.com\/","logo":{"@type":"ImageObject","inLanguage":"fr-FR","@id":"https:\/\/cuadrosterry.com\/#\/schema\/logo\/image\/","url":"https:\/\/cuadrosterry.com\/wp-content\/uploads\/2023\/02\/cropped-cropped-cuadros-terry-logo-600-230-1.png","contentUrl":"https:\/\/cuadrosterry.com\/wp-content\/uploads\/2023\/02\/cropped-cropped-cuadros-terry-logo-600-230-1.png","width":568,"height":212,"caption":"cuadrosterry.com"},"image":{"@id":"https:\/\/cuadrosterry.com\/#\/schema\/logo\/image\/"},"sameAs":["https:\/\/www.facebook.com\/CuadrosTerry\/","https:\/\/x.com\/CuadrosTerry","https:\/\/www.instagram.com\/cuadrosterry\/"]}]}},"_links":{"self":[{"href":"https:\/\/cuadrosterry.com\/fr\/wp-json\/wp\/v2\/product\/5417","targetHints":{"allow":["GET"]}}],"collection":[{"href":"https:\/\/cuadrosterry.com\/fr\/wp-json\/wp\/v2\/product"}],"about":[{"href":"https:\/\/cuadrosterry.com\/fr\/wp-json\/wp\/v2\/types\/product"}],"replies":[{"embeddable":true,"href":"https:\/\/cuadrosterry.com\/fr\/wp-json\/wp\/v2\/comments?post=5417"}],"version-history":[{"count":3,"href":"https:\/\/cuadrosterry.com\/fr\/wp-json\/wp\/v2\/product\/5417\/revisions"}],"predecessor-version":[{"id":6059,"href":"https:\/\/cuadrosterry.com\/fr\/wp-json\/wp\/v2\/product\/5417\/revisions\/6059"}],"wp:featuredmedia":[{"embeddable":true,"href":"https:\/\/cuadrosterry.com\/fr\/wp-json\/wp\/v2\/media\/5963"}],"wp:attachment":[{"href":"https:\/\/cuadrosterry.com\/fr\/wp-json\/wp\/v2\/media?parent=5417"}],"wp:term":[{"taxonomy":"product_brand","embeddable":true,"href":"https:\/\/cuadrosterry.com\/fr\/wp-json\/wp\/v2\/product_brand?post=5417"},{"taxonomy":"product_cat","embeddable":true,"href":"https:\/\/cuadrosterry.com\/fr\/wp-json\/wp\/v2\/product_cat?post=5417"},{"taxonomy":"product_tag","embeddable":true,"href":"https:\/\/cuadrosterry.com\/fr\/wp-json\/wp\/v2\/product_tag?post=5417"}],"curies":[{"name":"wp","href":"https:\/\/api.w.org\/{rel}","templated":true}]}}