{"id":5441,"date":"2017-03-04T16:09:58","date_gmt":"2017-03-04T16:09:58","guid":{"rendered":"http:\/\/cuadrosterry.com\/producto\/tour-eiffel-paris\/"},"modified":"2024-01-15T18:23:50","modified_gmt":"2024-01-15T18:23:50","slug":"tour-eiffel-paris","status":"publish","type":"product","link":"https:\/\/cuadrosterry.com\/fr\/producto\/tour-eiffel-paris\/","title":{"rendered":"Tour Eiffel, Paris"},"content":{"rendered":"<p>Un beau souvenir de Paris comme pi\u00e8ce d\u00e9corative.<\/p>\n","protected":false},"excerpt":{"rendered":"<p><strong>Impression Tour Eiffel, Paris<br \/>\n<\/strong>Un joli souvenir de Paris comme \u00e9l\u00e9ment de d\u00e9coration.<\/p>\n","protected":false},"featured_media":5126,"comment_status":"open","ping_status":"closed","template":"","meta":[],"product_brand":[],"product_cat":[193],"product_tag":[],"class_list":{"0":"post-5441","1":"product","2":"type-product","3":"status-publish","4":"has-post-thumbnail","6":"product_cat-affiches-francaises","7":"sales-flash-overlay","8":"woocommerce-text-align-center","9":"woocommerce-image-align-center","10":"do-quantity-buttons","11":"wc-has-gallery","13":"first","14":"instock","15":"taxable","16":"shipping-taxable","17":"purchasable","18":"product-type-variable"},"yoast_head":"<!-- This site is optimized with the Yoast SEO plugin v26.1 - https:\/\/yoast.com\/wordpress\/plugins\/seo\/ -->\n<title>Imprimer Tour Eiffel, Paris - France. Peintures de Terry<\/title>\n<meta name=\"description\" content=\"Imprimer Tour Eiffel, Paris - France. Les carr\u00e9s Terry. Un beau souvenir de Paris comme pi\u00e8ce d\u00e9corative. Reproduction d&#039;un dessin au fusain d&#039;une feuille de papier\" \/>\n<meta name=\"robots\" content=\"index, follow, max-snippet:-1, max-image-preview:large, max-video-preview:-1\" \/>\n<link rel=\"canonical\" href=\"https:\/\/cuadrosterry.com\/producto\/torre-eiffel-paris\/\" \/>\n<meta property=\"og:locale\" content=\"fr_FR\" \/>\n<meta property=\"og:type\" content=\"article\" \/>\n<meta property=\"og:title\" content=\"Imprimer Tour Eiffel, Paris - France. Peintures de Terry\" \/>\n<meta property=\"og:description\" content=\"Imprimer Tour Eiffel, Paris - France. Les carr\u00e9s Terry. Un beau souvenir de Paris comme pi\u00e8ce d\u00e9corative. Reproduction d&#039;un dessin au fusain d&#039;une feuille de papier\" \/>\n<meta property=\"og:url\" content=\"https:\/\/cuadrosterry.com\/producto\/torre-eiffel-paris\/\" \/>\n<meta property=\"og:site_name\" content=\"cuadrosterry.com\" \/>\n<meta property=\"article:publisher\" content=\"https:\/\/www.facebook.com\/CuadrosTerry\/\" \/>\n<meta property=\"article:modified_time\" content=\"2024-01-15T18:23:50+00:00\" \/>\n<meta property=\"og:image\" content=\"https:\/\/cuadrosterry.com\/wp-content\/uploads\/2021\/01\/lamina-torre-eiffel-paris.jpg\" \/>\n\t<meta property=\"og:image:width\" content=\"1200\" \/>\n\t<meta property=\"og:image:height\" content=\"1200\" \/>\n\t<meta property=\"og:image:type\" content=\"image\/jpeg\" \/>\n<meta name=\"twitter:card\" content=\"summary_large_image\" \/>\n<meta name=\"twitter:site\" content=\"@CuadrosTerry\" \/>\n<script type=\"application\/ld+json\" class=\"yoast-schema-graph\">{\"@context\":\"https:\/\/schema.org\",\"@graph\":[{\"@type\":\"WebPage\",\"@id\":\"https:\/\/cuadrosterry.com\/producto\/torre-eiffel-paris\/\",\"url\":\"https:\/\/cuadrosterry.com\/producto\/torre-eiffel-paris\/\",\"name\":\"Imprimer Tour Eiffel, Paris - France. Peintures de Terry\",\"isPartOf\":{\"@id\":\"https:\/\/cuadrosterry.com\/#website\"},\"primaryImageOfPage\":{\"@id\":\"https:\/\/cuadrosterry.com\/producto\/torre-eiffel-paris\/#primaryimage\"},\"image\":{\"@id\":\"https:\/\/cuadrosterry.com\/producto\/torre-eiffel-paris\/#primaryimage\"},\"thumbnailUrl\":\"https:\/\/cuadrosterry.com\/wp-content\/uploads\/2021\/01\/lamina-torre-eiffel-paris.jpg\",\"datePublished\":\"2017-03-04T16:09:58+00:00\",\"dateModified\":\"2024-01-15T18:23:50+00:00\",\"description\":\"Imprimer Tour Eiffel, Paris - France. Les carr\u00e9s Terry. Un beau souvenir de Paris comme pi\u00e8ce d\u00e9corative. Reproduction d'un dessin au fusain d'une feuille de papier\",\"breadcrumb\":{\"@id\":\"https:\/\/cuadrosterry.com\/producto\/torre-eiffel-paris\/#breadcrumb\"},\"inLanguage\":\"fr-FR\",\"potentialAction\":[{\"@type\":\"ReadAction\",\"target\":[\"https:\/\/cuadrosterry.com\/producto\/torre-eiffel-paris\/\"]}]},{\"@type\":\"ImageObject\",\"inLanguage\":\"fr-FR\",\"@id\":\"https:\/\/cuadrosterry.com\/producto\/torre-eiffel-paris\/#primaryimage\",\"url\":\"https:\/\/cuadrosterry.com\/wp-content\/uploads\/2021\/01\/lamina-torre-eiffel-paris.jpg\",\"contentUrl\":\"https:\/\/cuadrosterry.com\/wp-content\/uploads\/2021\/01\/lamina-torre-eiffel-paris.jpg\",\"width\":1200,\"height\":1200,\"caption\":\"lamina-tour-eiffel-paris\"},{\"@type\":\"BreadcrumbList\",\"@id\":\"https:\/\/cuadrosterry.com\/producto\/torre-eiffel-paris\/#breadcrumb\",\"itemListElement\":[{\"@type\":\"ListItem\",\"position\":1,\"name\":\"Portada\",\"item\":\"https:\/\/cuadrosterry.com\/fr\/\"},{\"@type\":\"ListItem\",\"position\":2,\"name\":\"Boutique\",\"item\":\"https:\/\/cuadrosterry.com\/tienda\/\"},{\"@type\":\"ListItem\",\"position\":3,\"name\":\"L\u00e1minas de Francia\",\"item\":\"https:\/\/cuadrosterry.com\/categoria-producto\/francia\/\"},{\"@type\":\"ListItem\",\"position\":4,\"name\":\"Tour Eiffel, Paris\"}]},{\"@type\":\"WebSite\",\"@id\":\"https:\/\/cuadrosterry.com\/#website\",\"url\":\"https:\/\/cuadrosterry.com\/\",\"name\":\"cuadrosterry.com\",\"description\":\"L\u00e1minas decorativas de cuadros dibujados a carboncillo\",\"publisher\":{\"@id\":\"https:\/\/cuadrosterry.com\/#organization\"},\"potentialAction\":[{\"@type\":\"SearchAction\",\"target\":{\"@type\":\"EntryPoint\",\"urlTemplate\":\"https:\/\/cuadrosterry.com\/?s={search_term_string}\"},\"query-input\":{\"@type\":\"PropertyValueSpecification\",\"valueRequired\":true,\"valueName\":\"search_term_string\"}}],\"inLanguage\":\"fr-FR\"},{\"@type\":\"Organization\",\"@id\":\"https:\/\/cuadrosterry.com\/#organization\",\"name\":\"cuadrosterry.com\",\"url\":\"https:\/\/cuadrosterry.com\/\",\"logo\":{\"@type\":\"ImageObject\",\"inLanguage\":\"fr-FR\",\"@id\":\"https:\/\/cuadrosterry.com\/#\/schema\/logo\/image\/\",\"url\":\"https:\/\/cuadrosterry.com\/wp-content\/uploads\/2023\/02\/cropped-cropped-cuadros-terry-logo-600-230-1.png\",\"contentUrl\":\"https:\/\/cuadrosterry.com\/wp-content\/uploads\/2023\/02\/cropped-cropped-cuadros-terry-logo-600-230-1.png\",\"width\":568,\"height\":212,\"caption\":\"cuadrosterry.com\"},\"image\":{\"@id\":\"https:\/\/cuadrosterry.com\/#\/schema\/logo\/image\/\"},\"sameAs\":[\"https:\/\/www.facebook.com\/CuadrosTerry\/\",\"https:\/\/x.com\/CuadrosTerry\",\"https:\/\/www.instagram.com\/cuadrosterry\/\"]}]}<\/script>\n<!-- \/ Yoast SEO plugin. -->","yoast_head_json":{"title":"Imprimer Tour Eiffel, Paris - France. Peintures de Terry","description":"Imprimer Tour Eiffel, Paris - France. Les carr\u00e9s Terry. Un beau souvenir de Paris comme pi\u00e8ce d\u00e9corative. Reproduction d'un dessin au fusain d'une feuille de papier","robots":{"index":"index","follow":"follow","max-snippet":"max-snippet:-1","max-image-preview":"max-image-preview:large","max-video-preview":"max-video-preview:-1"},"canonical":"https:\/\/cuadrosterry.com\/producto\/torre-eiffel-paris\/","og_locale":"fr_FR","og_type":"article","og_title":"Imprimer Tour Eiffel, Paris - France. Peintures de Terry","og_description":"Imprimer Tour Eiffel, Paris - France. Les carr\u00e9s Terry. Un beau souvenir de Paris comme pi\u00e8ce d\u00e9corative. Reproduction d'un dessin au fusain d'une feuille de papier","og_url":"https:\/\/cuadrosterry.com\/producto\/torre-eiffel-paris\/","og_site_name":"cuadrosterry.com","article_publisher":"https:\/\/www.facebook.com\/CuadrosTerry\/","article_modified_time":"2024-01-15T18:23:50+00:00","og_image":[{"width":1200,"height":1200,"url":"https:\/\/cuadrosterry.com\/wp-content\/uploads\/2021\/01\/lamina-torre-eiffel-paris.jpg","type":"image\/jpeg"}],"twitter_card":"summary_large_image","twitter_site":"@CuadrosTerry","schema":{"@context":"https:\/\/schema.org","@graph":[{"@type":"WebPage","@id":"https:\/\/cuadrosterry.com\/producto\/torre-eiffel-paris\/","url":"https:\/\/cuadrosterry.com\/producto\/torre-eiffel-paris\/","name":"Imprimer Tour Eiffel, Paris - France. Peintures de Terry","isPartOf":{"@id":"https:\/\/cuadrosterry.com\/#website"},"primaryImageOfPage":{"@id":"https:\/\/cuadrosterry.com\/producto\/torre-eiffel-paris\/#primaryimage"},"image":{"@id":"https:\/\/cuadrosterry.com\/producto\/torre-eiffel-paris\/#primaryimage"},"thumbnailUrl":"https:\/\/cuadrosterry.com\/wp-content\/uploads\/2021\/01\/lamina-torre-eiffel-paris.jpg","datePublished":"2017-03-04T16:09:58+00:00","dateModified":"2024-01-15T18:23:50+00:00","description":"Imprimer Tour Eiffel, Paris - France. Les carr\u00e9s Terry. Un beau souvenir de Paris comme pi\u00e8ce d\u00e9corative. Reproduction d'un dessin au fusain d'une feuille de papier","breadcrumb":{"@id":"https:\/\/cuadrosterry.com\/producto\/torre-eiffel-paris\/#breadcrumb"},"inLanguage":"fr-FR","potentialAction":[{"@type":"ReadAction","target":["https:\/\/cuadrosterry.com\/producto\/torre-eiffel-paris\/"]}]},{"@type":"ImageObject","inLanguage":"fr-FR","@id":"https:\/\/cuadrosterry.com\/producto\/torre-eiffel-paris\/#primaryimage","url":"https:\/\/cuadrosterry.com\/wp-content\/uploads\/2021\/01\/lamina-torre-eiffel-paris.jpg","contentUrl":"https:\/\/cuadrosterry.com\/wp-content\/uploads\/2021\/01\/lamina-torre-eiffel-paris.jpg","width":1200,"height":1200,"caption":"lamina-tour-eiffel-paris"},{"@type":"BreadcrumbList","@id":"https:\/\/cuadrosterry.com\/producto\/torre-eiffel-paris\/#breadcrumb","itemListElement":[{"@type":"ListItem","position":1,"name":"Portada","item":"https:\/\/cuadrosterry.com\/fr\/"},{"@type":"ListItem","position":2,"name":"Boutique","item":"https:\/\/cuadrosterry.com\/tienda\/"},{"@type":"ListItem","position":3,"name":"L\u00e1minas de Francia","item":"https:\/\/cuadrosterry.com\/categoria-producto\/francia\/"},{"@type":"ListItem","position":4,"name":"Tour Eiffel, Paris"}]},{"@type":"WebSite","@id":"https:\/\/cuadrosterry.com\/#website","url":"https:\/\/cuadrosterry.com\/","name":"cuadrosterry.com","description":"L\u00e1minas decorativas de cuadros dibujados a carboncillo","publisher":{"@id":"https:\/\/cuadrosterry.com\/#organization"},"potentialAction":[{"@type":"SearchAction","target":{"@type":"EntryPoint","urlTemplate":"https:\/\/cuadrosterry.com\/?s={search_term_string}"},"query-input":{"@type":"PropertyValueSpecification","valueRequired":true,"valueName":"search_term_string"}}],"inLanguage":"fr-FR"},{"@type":"Organization","@id":"https:\/\/cuadrosterry.com\/#organization","name":"cuadrosterry.com","url":"https:\/\/cuadrosterry.com\/","logo":{"@type":"ImageObject","inLanguage":"fr-FR","@id":"https:\/\/cuadrosterry.com\/#\/schema\/logo\/image\/","url":"https:\/\/cuadrosterry.com\/wp-content\/uploads\/2023\/02\/cropped-cropped-cuadros-terry-logo-600-230-1.png","contentUrl":"https:\/\/cuadrosterry.com\/wp-content\/uploads\/2023\/02\/cropped-cropped-cuadros-terry-logo-600-230-1.png","width":568,"height":212,"caption":"cuadrosterry.com"},"image":{"@id":"https:\/\/cuadrosterry.com\/#\/schema\/logo\/image\/"},"sameAs":["https:\/\/www.facebook.com\/CuadrosTerry\/","https:\/\/x.com\/CuadrosTerry","https:\/\/www.instagram.com\/cuadrosterry\/"]}]}},"_links":{"self":[{"href":"https:\/\/cuadrosterry.com\/fr\/wp-json\/wp\/v2\/product\/5441","targetHints":{"allow":["GET"]}}],"collection":[{"href":"https:\/\/cuadrosterry.com\/fr\/wp-json\/wp\/v2\/product"}],"about":[{"href":"https:\/\/cuadrosterry.com\/fr\/wp-json\/wp\/v2\/types\/product"}],"replies":[{"embeddable":true,"href":"https:\/\/cuadrosterry.com\/fr\/wp-json\/wp\/v2\/comments?post=5441"}],"version-history":[{"count":1,"href":"https:\/\/cuadrosterry.com\/fr\/wp-json\/wp\/v2\/product\/5441\/revisions"}],"predecessor-version":[{"id":5462,"href":"https:\/\/cuadrosterry.com\/fr\/wp-json\/wp\/v2\/product\/5441\/revisions\/5462"}],"wp:featuredmedia":[{"embeddable":true,"href":"https:\/\/cuadrosterry.com\/fr\/wp-json\/wp\/v2\/media\/5126"}],"wp:attachment":[{"href":"https:\/\/cuadrosterry.com\/fr\/wp-json\/wp\/v2\/media?parent=5441"}],"wp:term":[{"taxonomy":"product_brand","embeddable":true,"href":"https:\/\/cuadrosterry.com\/fr\/wp-json\/wp\/v2\/product_brand?post=5441"},{"taxonomy":"product_cat","embeddable":true,"href":"https:\/\/cuadrosterry.com\/fr\/wp-json\/wp\/v2\/product_cat?post=5441"},{"taxonomy":"product_tag","embeddable":true,"href":"https:\/\/cuadrosterry.com\/fr\/wp-json\/wp\/v2\/product_tag?post=5441"}],"curies":[{"name":"wp","href":"https:\/\/api.w.org\/{rel}","templated":true}]}}