{"id":5523,"date":"2021-01-17T18:36:32","date_gmt":"2021-01-17T18:36:32","guid":{"rendered":"http:\/\/cuadrosterry.com\/producto\/hendaye\/"},"modified":"2024-01-15T18:23:21","modified_gmt":"2024-01-15T18:23:21","slug":"hendaye","status":"publish","type":"product","link":"https:\/\/cuadrosterry.com\/fr\/producto\/hendaye\/","title":{"rendered":"Hendaye"},"content":{"rendered":"<p>Hendaye a un petit c\u00f4t\u00e9 magique et c&rsquo;est pour cela que nous l&rsquo;aimons.<\/p>\n<p>Un joli souvenir d&rsquo;Hendaye en guise de d\u00e9coration.<\/p>\n","protected":false},"excerpt":{"rendered":"<p><strong>Estampe d&rsquo;Hendaye<br \/>\n<\/strong>Un joli souvenir d&rsquo;Hendaye comme objet de d\u00e9coration. Le vieux Casino avec les rochers \u00ab\u00a0Les Deux Jumeaux\u00a0\u00bb en arri\u00e8re-plan.<\/p>\n","protected":false},"featured_media":5120,"comment_status":"open","ping_status":"closed","template":"","meta":[],"product_brand":[],"product_cat":[193],"product_tag":[],"class_list":{"0":"post-5523","1":"product","2":"type-product","3":"status-publish","4":"has-post-thumbnail","6":"product_cat-affiches-francaises","7":"sales-flash-overlay","8":"woocommerce-text-align-center","9":"woocommerce-image-align-center","10":"do-quantity-buttons","11":"wc-has-gallery","13":"first","14":"instock","15":"taxable","16":"shipping-taxable","17":"purchasable","18":"product-type-variable"},"yoast_head":"<!-- This site is optimized with the Yoast SEO plugin v26.1 - https:\/\/yoast.com\/wordpress\/plugins\/seo\/ -->\n<title>Plaque Hendaye - France. Les carr\u00e9s Terry.<\/title>\n<meta name=\"description\" content=\"Plaque Hendaye-France. Boutique en ligne Terry&#039;s Paintings. Un joli souvenir d&#039;Hendaye en guise de d\u00e9coration. Reproductions de planches.\" \/>\n<meta name=\"robots\" content=\"index, follow, max-snippet:-1, max-image-preview:large, max-video-preview:-1\" \/>\n<link rel=\"canonical\" href=\"https:\/\/cuadrosterry.com\/producto\/hendaya\/\" \/>\n<meta property=\"og:locale\" content=\"fr_FR\" \/>\n<meta property=\"og:type\" content=\"article\" \/>\n<meta property=\"og:title\" content=\"Plaque Hendaye - France. Les carr\u00e9s Terry.\" \/>\n<meta property=\"og:description\" content=\"Plaque Hendaye-France. Boutique en ligne Terry&#039;s Paintings. Un joli souvenir d&#039;Hendaye en guise de d\u00e9coration. Reproductions de planches.\" \/>\n<meta property=\"og:url\" content=\"https:\/\/cuadrosterry.com\/producto\/hendaya\/\" \/>\n<meta property=\"og:site_name\" content=\"cuadrosterry.com\" \/>\n<meta property=\"article:publisher\" content=\"https:\/\/www.facebook.com\/CuadrosTerry\/\" \/>\n<meta property=\"article:modified_time\" content=\"2024-01-15T18:23:21+00:00\" \/>\n<meta property=\"og:image\" content=\"https:\/\/cuadrosterry.com\/wp-content\/uploads\/2021\/01\/lamina-playa-hendaya-cuadro.jpg\" \/>\n\t<meta property=\"og:image:width\" content=\"1200\" \/>\n\t<meta property=\"og:image:height\" content=\"1200\" \/>\n\t<meta property=\"og:image:type\" content=\"image\/jpeg\" \/>\n<meta name=\"twitter:card\" content=\"summary_large_image\" \/>\n<meta name=\"twitter:site\" content=\"@CuadrosTerry\" \/>\n<script type=\"application\/ld+json\" class=\"yoast-schema-graph\">{\"@context\":\"https:\/\/schema.org\",\"@graph\":[{\"@type\":\"WebPage\",\"@id\":\"https:\/\/cuadrosterry.com\/producto\/hendaya\/\",\"url\":\"https:\/\/cuadrosterry.com\/producto\/hendaya\/\",\"name\":\"Plaque Hendaye - France. Les carr\u00e9s Terry.\",\"isPartOf\":{\"@id\":\"https:\/\/cuadrosterry.com\/#website\"},\"primaryImageOfPage\":{\"@id\":\"https:\/\/cuadrosterry.com\/producto\/hendaya\/#primaryimage\"},\"image\":{\"@id\":\"https:\/\/cuadrosterry.com\/producto\/hendaya\/#primaryimage\"},\"thumbnailUrl\":\"https:\/\/cuadrosterry.com\/wp-content\/uploads\/2021\/01\/lamina-playa-hendaya-cuadro.jpg\",\"datePublished\":\"2021-01-17T18:36:32+00:00\",\"dateModified\":\"2024-01-15T18:23:21+00:00\",\"description\":\"Plaque Hendaye-France. Boutique en ligne Terry's Paintings. Un joli souvenir d'Hendaye en guise de d\u00e9coration. Reproductions de planches.\",\"breadcrumb\":{\"@id\":\"https:\/\/cuadrosterry.com\/producto\/hendaya\/#breadcrumb\"},\"inLanguage\":\"fr-FR\",\"potentialAction\":[{\"@type\":\"ReadAction\",\"target\":[\"https:\/\/cuadrosterry.com\/producto\/hendaya\/\"]}]},{\"@type\":\"ImageObject\",\"inLanguage\":\"fr-FR\",\"@id\":\"https:\/\/cuadrosterry.com\/producto\/hendaya\/#primaryimage\",\"url\":\"https:\/\/cuadrosterry.com\/wp-content\/uploads\/2021\/01\/lamina-playa-hendaya-cuadro.jpg\",\"contentUrl\":\"https:\/\/cuadrosterry.com\/wp-content\/uploads\/2021\/01\/lamina-playa-hendaya-cuadro.jpg\",\"width\":1200,\"height\":1200,\"caption\":\"stratifi\u00e9-h\u00eatre-encadrement-h\u00eatre\"},{\"@type\":\"BreadcrumbList\",\"@id\":\"https:\/\/cuadrosterry.com\/producto\/hendaya\/#breadcrumb\",\"itemListElement\":[{\"@type\":\"ListItem\",\"position\":1,\"name\":\"Portada\",\"item\":\"https:\/\/cuadrosterry.com\/fr\/\"},{\"@type\":\"ListItem\",\"position\":2,\"name\":\"Boutique\",\"item\":\"https:\/\/cuadrosterry.com\/tienda\/\"},{\"@type\":\"ListItem\",\"position\":3,\"name\":\"L\u00e1minas de Francia\",\"item\":\"https:\/\/cuadrosterry.com\/categoria-producto\/francia\/\"},{\"@type\":\"ListItem\",\"position\":4,\"name\":\"Hendaye\"}]},{\"@type\":\"WebSite\",\"@id\":\"https:\/\/cuadrosterry.com\/#website\",\"url\":\"https:\/\/cuadrosterry.com\/\",\"name\":\"cuadrosterry.com\",\"description\":\"L\u00e1minas decorativas de cuadros dibujados a carboncillo\",\"publisher\":{\"@id\":\"https:\/\/cuadrosterry.com\/#organization\"},\"potentialAction\":[{\"@type\":\"SearchAction\",\"target\":{\"@type\":\"EntryPoint\",\"urlTemplate\":\"https:\/\/cuadrosterry.com\/?s={search_term_string}\"},\"query-input\":{\"@type\":\"PropertyValueSpecification\",\"valueRequired\":true,\"valueName\":\"search_term_string\"}}],\"inLanguage\":\"fr-FR\"},{\"@type\":\"Organization\",\"@id\":\"https:\/\/cuadrosterry.com\/#organization\",\"name\":\"cuadrosterry.com\",\"url\":\"https:\/\/cuadrosterry.com\/\",\"logo\":{\"@type\":\"ImageObject\",\"inLanguage\":\"fr-FR\",\"@id\":\"https:\/\/cuadrosterry.com\/#\/schema\/logo\/image\/\",\"url\":\"https:\/\/cuadrosterry.com\/wp-content\/uploads\/2023\/02\/cropped-cropped-cuadros-terry-logo-600-230-1.png\",\"contentUrl\":\"https:\/\/cuadrosterry.com\/wp-content\/uploads\/2023\/02\/cropped-cropped-cuadros-terry-logo-600-230-1.png\",\"width\":568,\"height\":212,\"caption\":\"cuadrosterry.com\"},\"image\":{\"@id\":\"https:\/\/cuadrosterry.com\/#\/schema\/logo\/image\/\"},\"sameAs\":[\"https:\/\/www.facebook.com\/CuadrosTerry\/\",\"https:\/\/x.com\/CuadrosTerry\",\"https:\/\/www.instagram.com\/cuadrosterry\/\"]}]}<\/script>\n<!-- \/ Yoast SEO plugin. -->","yoast_head_json":{"title":"Plaque Hendaye - France. Les carr\u00e9s Terry.","description":"Plaque Hendaye-France. Boutique en ligne Terry's Paintings. Un joli souvenir d'Hendaye en guise de d\u00e9coration. Reproductions de planches.","robots":{"index":"index","follow":"follow","max-snippet":"max-snippet:-1","max-image-preview":"max-image-preview:large","max-video-preview":"max-video-preview:-1"},"canonical":"https:\/\/cuadrosterry.com\/producto\/hendaya\/","og_locale":"fr_FR","og_type":"article","og_title":"Plaque Hendaye - France. Les carr\u00e9s Terry.","og_description":"Plaque Hendaye-France. Boutique en ligne Terry's Paintings. Un joli souvenir d'Hendaye en guise de d\u00e9coration. Reproductions de planches.","og_url":"https:\/\/cuadrosterry.com\/producto\/hendaya\/","og_site_name":"cuadrosterry.com","article_publisher":"https:\/\/www.facebook.com\/CuadrosTerry\/","article_modified_time":"2024-01-15T18:23:21+00:00","og_image":[{"width":1200,"height":1200,"url":"https:\/\/cuadrosterry.com\/wp-content\/uploads\/2021\/01\/lamina-playa-hendaya-cuadro.jpg","type":"image\/jpeg"}],"twitter_card":"summary_large_image","twitter_site":"@CuadrosTerry","schema":{"@context":"https:\/\/schema.org","@graph":[{"@type":"WebPage","@id":"https:\/\/cuadrosterry.com\/producto\/hendaya\/","url":"https:\/\/cuadrosterry.com\/producto\/hendaya\/","name":"Plaque Hendaye - France. Les carr\u00e9s Terry.","isPartOf":{"@id":"https:\/\/cuadrosterry.com\/#website"},"primaryImageOfPage":{"@id":"https:\/\/cuadrosterry.com\/producto\/hendaya\/#primaryimage"},"image":{"@id":"https:\/\/cuadrosterry.com\/producto\/hendaya\/#primaryimage"},"thumbnailUrl":"https:\/\/cuadrosterry.com\/wp-content\/uploads\/2021\/01\/lamina-playa-hendaya-cuadro.jpg","datePublished":"2021-01-17T18:36:32+00:00","dateModified":"2024-01-15T18:23:21+00:00","description":"Plaque Hendaye-France. Boutique en ligne Terry's Paintings. Un joli souvenir d'Hendaye en guise de d\u00e9coration. Reproductions de planches.","breadcrumb":{"@id":"https:\/\/cuadrosterry.com\/producto\/hendaya\/#breadcrumb"},"inLanguage":"fr-FR","potentialAction":[{"@type":"ReadAction","target":["https:\/\/cuadrosterry.com\/producto\/hendaya\/"]}]},{"@type":"ImageObject","inLanguage":"fr-FR","@id":"https:\/\/cuadrosterry.com\/producto\/hendaya\/#primaryimage","url":"https:\/\/cuadrosterry.com\/wp-content\/uploads\/2021\/01\/lamina-playa-hendaya-cuadro.jpg","contentUrl":"https:\/\/cuadrosterry.com\/wp-content\/uploads\/2021\/01\/lamina-playa-hendaya-cuadro.jpg","width":1200,"height":1200,"caption":"stratifi\u00e9-h\u00eatre-encadrement-h\u00eatre"},{"@type":"BreadcrumbList","@id":"https:\/\/cuadrosterry.com\/producto\/hendaya\/#breadcrumb","itemListElement":[{"@type":"ListItem","position":1,"name":"Portada","item":"https:\/\/cuadrosterry.com\/fr\/"},{"@type":"ListItem","position":2,"name":"Boutique","item":"https:\/\/cuadrosterry.com\/tienda\/"},{"@type":"ListItem","position":3,"name":"L\u00e1minas de Francia","item":"https:\/\/cuadrosterry.com\/categoria-producto\/francia\/"},{"@type":"ListItem","position":4,"name":"Hendaye"}]},{"@type":"WebSite","@id":"https:\/\/cuadrosterry.com\/#website","url":"https:\/\/cuadrosterry.com\/","name":"cuadrosterry.com","description":"L\u00e1minas decorativas de cuadros dibujados a carboncillo","publisher":{"@id":"https:\/\/cuadrosterry.com\/#organization"},"potentialAction":[{"@type":"SearchAction","target":{"@type":"EntryPoint","urlTemplate":"https:\/\/cuadrosterry.com\/?s={search_term_string}"},"query-input":{"@type":"PropertyValueSpecification","valueRequired":true,"valueName":"search_term_string"}}],"inLanguage":"fr-FR"},{"@type":"Organization","@id":"https:\/\/cuadrosterry.com\/#organization","name":"cuadrosterry.com","url":"https:\/\/cuadrosterry.com\/","logo":{"@type":"ImageObject","inLanguage":"fr-FR","@id":"https:\/\/cuadrosterry.com\/#\/schema\/logo\/image\/","url":"https:\/\/cuadrosterry.com\/wp-content\/uploads\/2023\/02\/cropped-cropped-cuadros-terry-logo-600-230-1.png","contentUrl":"https:\/\/cuadrosterry.com\/wp-content\/uploads\/2023\/02\/cropped-cropped-cuadros-terry-logo-600-230-1.png","width":568,"height":212,"caption":"cuadrosterry.com"},"image":{"@id":"https:\/\/cuadrosterry.com\/#\/schema\/logo\/image\/"},"sameAs":["https:\/\/www.facebook.com\/CuadrosTerry\/","https:\/\/x.com\/CuadrosTerry","https:\/\/www.instagram.com\/cuadrosterry\/"]}]}},"_links":{"self":[{"href":"https:\/\/cuadrosterry.com\/fr\/wp-json\/wp\/v2\/product\/5523","targetHints":{"allow":["GET"]}}],"collection":[{"href":"https:\/\/cuadrosterry.com\/fr\/wp-json\/wp\/v2\/product"}],"about":[{"href":"https:\/\/cuadrosterry.com\/fr\/wp-json\/wp\/v2\/types\/product"}],"replies":[{"embeddable":true,"href":"https:\/\/cuadrosterry.com\/fr\/wp-json\/wp\/v2\/comments?post=5523"}],"version-history":[{"count":1,"href":"https:\/\/cuadrosterry.com\/fr\/wp-json\/wp\/v2\/product\/5523\/revisions"}],"predecessor-version":[{"id":5549,"href":"https:\/\/cuadrosterry.com\/fr\/wp-json\/wp\/v2\/product\/5523\/revisions\/5549"}],"wp:featuredmedia":[{"embeddable":true,"href":"https:\/\/cuadrosterry.com\/fr\/wp-json\/wp\/v2\/media\/5120"}],"wp:attachment":[{"href":"https:\/\/cuadrosterry.com\/fr\/wp-json\/wp\/v2\/media?parent=5523"}],"wp:term":[{"taxonomy":"product_brand","embeddable":true,"href":"https:\/\/cuadrosterry.com\/fr\/wp-json\/wp\/v2\/product_brand?post=5523"},{"taxonomy":"product_cat","embeddable":true,"href":"https:\/\/cuadrosterry.com\/fr\/wp-json\/wp\/v2\/product_cat?post=5523"},{"taxonomy":"product_tag","embeddable":true,"href":"https:\/\/cuadrosterry.com\/fr\/wp-json\/wp\/v2\/product_tag?post=5523"}],"curies":[{"name":"wp","href":"https:\/\/api.w.org\/{rel}","templated":true}]}}