{"id":5547,"date":"2021-01-17T18:30:37","date_gmt":"2021-01-17T18:30:37","guid":{"rendered":"http:\/\/cuadrosterry.com\/producto\/porto-do-son-galice\/"},"modified":"2024-01-15T18:23:23","modified_gmt":"2024-01-15T18:23:23","slug":"porto-do-son-galice","status":"publish","type":"product","link":"https:\/\/cuadrosterry.com\/fr\/producto\/porto-do-son-galice\/","title":{"rendered":"Porto do Son, Galice"},"content":{"rendered":"<p>Un joli souvenir de Porto do Son, en Galice, comme \u00e9l\u00e9ment de d\u00e9coration.<\/p>\n<p>&nbsp;<\/p>\n","protected":false},"excerpt":{"rendered":"<p><strong>Plate Porto do Son<br \/>\n<\/strong>\u00c9glise de San Vicente de Noal, \u00e0 Porto do Son, La Corogne. Un joli souvenir de Porto do Son en Galice comme \u00e9l\u00e9ment de d\u00e9coration.<\/p>\n","protected":false},"featured_media":5140,"comment_status":"open","ping_status":"closed","template":"","meta":[],"product_brand":[],"product_cat":[205],"product_tag":[],"class_list":{"0":"post-5547","1":"product","2":"type-product","3":"status-publish","4":"has-post-thumbnail","6":"product_cat-affiches-dautres-coins","7":"sales-flash-overlay","8":"woocommerce-text-align-center","9":"woocommerce-image-align-center","10":"do-quantity-buttons","11":"wc-has-gallery","13":"first","14":"instock","15":"taxable","16":"shipping-taxable","17":"purchasable","18":"product-type-variable"},"yoast_head":"<!-- This site is optimized with the Yoast SEO plugin v26.1 - https:\/\/yoast.com\/wordpress\/plugins\/seo\/ -->\n<title>Plaque de Porto do Son, Galice. Boutique en ligne Terry Plaids<\/title>\n<meta name=\"description\" content=\"Plaque de Porto do Son, Galice. Boutique en ligne Terry&#039;s Paintings. Un beau souvenir de Porto do Son comme \u00e9l\u00e9ment de d\u00e9coration. Reproduction d&#039;un dessin au fusain d&#039;une feuille de papier\" \/>\n<meta name=\"robots\" content=\"index, follow, max-snippet:-1, max-image-preview:large, max-video-preview:-1\" \/>\n<link rel=\"canonical\" href=\"https:\/\/cuadrosterry.com\/fr\/producto\/porto-do-son-galice\/\" \/>\n<meta property=\"og:locale\" content=\"fr_FR\" \/>\n<meta property=\"og:type\" content=\"article\" \/>\n<meta property=\"og:title\" content=\"Plaque de Porto do Son, Galice. Boutique en ligne Terry Plaids\" \/>\n<meta property=\"og:description\" content=\"Plaque de Porto do Son, Galice. Boutique en ligne Terry&#039;s Paintings. Un beau souvenir de Porto do Son comme \u00e9l\u00e9ment de d\u00e9coration. Reproduction d&#039;un dessin au fusain d&#039;une feuille de papier\" \/>\n<meta property=\"og:url\" content=\"https:\/\/cuadrosterry.com\/fr\/producto\/porto-do-son-galice\/\" \/>\n<meta property=\"og:site_name\" content=\"cuadrosterry.com\" \/>\n<meta property=\"article:publisher\" content=\"https:\/\/www.facebook.com\/CuadrosTerry\/\" \/>\n<meta property=\"article:modified_time\" content=\"2024-01-15T18:23:23+00:00\" \/>\n<meta property=\"og:image\" content=\"https:\/\/cuadrosterry.com\/wp-content\/uploads\/2021\/01\/lamina-portodoson-galicia-1.jpg\" \/>\n\t<meta property=\"og:image:width\" content=\"1200\" \/>\n\t<meta property=\"og:image:height\" content=\"1200\" \/>\n\t<meta property=\"og:image:type\" content=\"image\/jpeg\" \/>\n<meta name=\"twitter:card\" content=\"summary_large_image\" \/>\n<meta name=\"twitter:site\" content=\"@CuadrosTerry\" \/>\n<script type=\"application\/ld+json\" class=\"yoast-schema-graph\">{\"@context\":\"https:\/\/schema.org\",\"@graph\":[{\"@type\":\"WebPage\",\"@id\":\"https:\/\/cuadrosterry.com\/fr\/producto\/porto-do-son-galice\/\",\"url\":\"https:\/\/cuadrosterry.com\/fr\/producto\/porto-do-son-galice\/\",\"name\":\"Plaque de Porto do Son, Galice. Boutique en ligne Terry Plaids\",\"isPartOf\":{\"@id\":\"https:\/\/cuadrosterry.com\/#website\"},\"primaryImageOfPage\":{\"@id\":\"https:\/\/cuadrosterry.com\/fr\/producto\/porto-do-son-galice\/#primaryimage\"},\"image\":{\"@id\":\"https:\/\/cuadrosterry.com\/fr\/producto\/porto-do-son-galice\/#primaryimage\"},\"thumbnailUrl\":\"https:\/\/cuadrosterry.com\/wp-content\/uploads\/2021\/01\/lamina-portodoson-galicia-1.jpg\",\"datePublished\":\"2021-01-17T18:30:37+00:00\",\"dateModified\":\"2024-01-15T18:23:23+00:00\",\"description\":\"Plaque de Porto do Son, Galice. Boutique en ligne Terry's Paintings. Un beau souvenir de Porto do Son comme \u00e9l\u00e9ment de d\u00e9coration. Reproduction d'un dessin au fusain d'une feuille de papier\",\"breadcrumb\":{\"@id\":\"https:\/\/cuadrosterry.com\/fr\/producto\/porto-do-son-galice\/#breadcrumb\"},\"inLanguage\":\"fr-FR\",\"potentialAction\":[{\"@type\":\"ReadAction\",\"target\":[\"https:\/\/cuadrosterry.com\/fr\/producto\/porto-do-son-galice\/\"]}]},{\"@type\":\"ImageObject\",\"inLanguage\":\"fr-FR\",\"@id\":\"https:\/\/cuadrosterry.com\/fr\/producto\/porto-do-son-galice\/#primaryimage\",\"url\":\"https:\/\/cuadrosterry.com\/wp-content\/uploads\/2021\/01\/lamina-portodoson-galicia-1.jpg\",\"contentUrl\":\"https:\/\/cuadrosterry.com\/wp-content\/uploads\/2021\/01\/lamina-portodoson-galicia-1.jpg\",\"width\":1200,\"height\":1200,\"caption\":\"lamina-portodoson-galicia\"},{\"@type\":\"BreadcrumbList\",\"@id\":\"https:\/\/cuadrosterry.com\/fr\/producto\/porto-do-son-galice\/#breadcrumb\",\"itemListElement\":[{\"@type\":\"ListItem\",\"position\":1,\"name\":\"Portada\",\"item\":\"https:\/\/cuadrosterry.com\/fr\/\"},{\"@type\":\"ListItem\",\"position\":2,\"name\":\"Boutique\",\"item\":\"https:\/\/cuadrosterry.com\/tienda\/\"},{\"@type\":\"ListItem\",\"position\":3,\"name\":\"L\u00e1minas de otros rinconcitos\",\"item\":\"https:\/\/cuadrosterry.com\/categoria-producto\/otros-rinconcitos\/\"},{\"@type\":\"ListItem\",\"position\":4,\"name\":\"Porto do Son, Galice\"}]},{\"@type\":\"WebSite\",\"@id\":\"https:\/\/cuadrosterry.com\/#website\",\"url\":\"https:\/\/cuadrosterry.com\/\",\"name\":\"cuadrosterry.com\",\"description\":\"L\u00e1minas decorativas de cuadros dibujados a carboncillo\",\"publisher\":{\"@id\":\"https:\/\/cuadrosterry.com\/#organization\"},\"potentialAction\":[{\"@type\":\"SearchAction\",\"target\":{\"@type\":\"EntryPoint\",\"urlTemplate\":\"https:\/\/cuadrosterry.com\/?s={search_term_string}\"},\"query-input\":{\"@type\":\"PropertyValueSpecification\",\"valueRequired\":true,\"valueName\":\"search_term_string\"}}],\"inLanguage\":\"fr-FR\"},{\"@type\":\"Organization\",\"@id\":\"https:\/\/cuadrosterry.com\/#organization\",\"name\":\"cuadrosterry.com\",\"url\":\"https:\/\/cuadrosterry.com\/\",\"logo\":{\"@type\":\"ImageObject\",\"inLanguage\":\"fr-FR\",\"@id\":\"https:\/\/cuadrosterry.com\/#\/schema\/logo\/image\/\",\"url\":\"https:\/\/cuadrosterry.com\/wp-content\/uploads\/2023\/02\/cropped-cropped-cuadros-terry-logo-600-230-1.png\",\"contentUrl\":\"https:\/\/cuadrosterry.com\/wp-content\/uploads\/2023\/02\/cropped-cropped-cuadros-terry-logo-600-230-1.png\",\"width\":568,\"height\":212,\"caption\":\"cuadrosterry.com\"},\"image\":{\"@id\":\"https:\/\/cuadrosterry.com\/#\/schema\/logo\/image\/\"},\"sameAs\":[\"https:\/\/www.facebook.com\/CuadrosTerry\/\",\"https:\/\/x.com\/CuadrosTerry\",\"https:\/\/www.instagram.com\/cuadrosterry\/\"]}]}<\/script>\n<!-- \/ Yoast SEO plugin. -->","yoast_head_json":{"title":"Plaque de Porto do Son, Galice. Boutique en ligne Terry Plaids","description":"Plaque de Porto do Son, Galice. Boutique en ligne Terry's Paintings. Un beau souvenir de Porto do Son comme \u00e9l\u00e9ment de d\u00e9coration. Reproduction d'un dessin au fusain d'une feuille de papier","robots":{"index":"index","follow":"follow","max-snippet":"max-snippet:-1","max-image-preview":"max-image-preview:large","max-video-preview":"max-video-preview:-1"},"canonical":"https:\/\/cuadrosterry.com\/fr\/producto\/porto-do-son-galice\/","og_locale":"fr_FR","og_type":"article","og_title":"Plaque de Porto do Son, Galice. Boutique en ligne Terry Plaids","og_description":"Plaque de Porto do Son, Galice. Boutique en ligne Terry's Paintings. Un beau souvenir de Porto do Son comme \u00e9l\u00e9ment de d\u00e9coration. Reproduction d'un dessin au fusain d'une feuille de papier","og_url":"https:\/\/cuadrosterry.com\/fr\/producto\/porto-do-son-galice\/","og_site_name":"cuadrosterry.com","article_publisher":"https:\/\/www.facebook.com\/CuadrosTerry\/","article_modified_time":"2024-01-15T18:23:23+00:00","og_image":[{"width":1200,"height":1200,"url":"https:\/\/cuadrosterry.com\/wp-content\/uploads\/2021\/01\/lamina-portodoson-galicia-1.jpg","type":"image\/jpeg"}],"twitter_card":"summary_large_image","twitter_site":"@CuadrosTerry","schema":{"@context":"https:\/\/schema.org","@graph":[{"@type":"WebPage","@id":"https:\/\/cuadrosterry.com\/fr\/producto\/porto-do-son-galice\/","url":"https:\/\/cuadrosterry.com\/fr\/producto\/porto-do-son-galice\/","name":"Plaque de Porto do Son, Galice. Boutique en ligne Terry Plaids","isPartOf":{"@id":"https:\/\/cuadrosterry.com\/#website"},"primaryImageOfPage":{"@id":"https:\/\/cuadrosterry.com\/fr\/producto\/porto-do-son-galice\/#primaryimage"},"image":{"@id":"https:\/\/cuadrosterry.com\/fr\/producto\/porto-do-son-galice\/#primaryimage"},"thumbnailUrl":"https:\/\/cuadrosterry.com\/wp-content\/uploads\/2021\/01\/lamina-portodoson-galicia-1.jpg","datePublished":"2021-01-17T18:30:37+00:00","dateModified":"2024-01-15T18:23:23+00:00","description":"Plaque de Porto do Son, Galice. Boutique en ligne Terry's Paintings. Un beau souvenir de Porto do Son comme \u00e9l\u00e9ment de d\u00e9coration. Reproduction d'un dessin au fusain d'une feuille de papier","breadcrumb":{"@id":"https:\/\/cuadrosterry.com\/fr\/producto\/porto-do-son-galice\/#breadcrumb"},"inLanguage":"fr-FR","potentialAction":[{"@type":"ReadAction","target":["https:\/\/cuadrosterry.com\/fr\/producto\/porto-do-son-galice\/"]}]},{"@type":"ImageObject","inLanguage":"fr-FR","@id":"https:\/\/cuadrosterry.com\/fr\/producto\/porto-do-son-galice\/#primaryimage","url":"https:\/\/cuadrosterry.com\/wp-content\/uploads\/2021\/01\/lamina-portodoson-galicia-1.jpg","contentUrl":"https:\/\/cuadrosterry.com\/wp-content\/uploads\/2021\/01\/lamina-portodoson-galicia-1.jpg","width":1200,"height":1200,"caption":"lamina-portodoson-galicia"},{"@type":"BreadcrumbList","@id":"https:\/\/cuadrosterry.com\/fr\/producto\/porto-do-son-galice\/#breadcrumb","itemListElement":[{"@type":"ListItem","position":1,"name":"Portada","item":"https:\/\/cuadrosterry.com\/fr\/"},{"@type":"ListItem","position":2,"name":"Boutique","item":"https:\/\/cuadrosterry.com\/tienda\/"},{"@type":"ListItem","position":3,"name":"L\u00e1minas de otros rinconcitos","item":"https:\/\/cuadrosterry.com\/categoria-producto\/otros-rinconcitos\/"},{"@type":"ListItem","position":4,"name":"Porto do Son, Galice"}]},{"@type":"WebSite","@id":"https:\/\/cuadrosterry.com\/#website","url":"https:\/\/cuadrosterry.com\/","name":"cuadrosterry.com","description":"L\u00e1minas decorativas de cuadros dibujados a carboncillo","publisher":{"@id":"https:\/\/cuadrosterry.com\/#organization"},"potentialAction":[{"@type":"SearchAction","target":{"@type":"EntryPoint","urlTemplate":"https:\/\/cuadrosterry.com\/?s={search_term_string}"},"query-input":{"@type":"PropertyValueSpecification","valueRequired":true,"valueName":"search_term_string"}}],"inLanguage":"fr-FR"},{"@type":"Organization","@id":"https:\/\/cuadrosterry.com\/#organization","name":"cuadrosterry.com","url":"https:\/\/cuadrosterry.com\/","logo":{"@type":"ImageObject","inLanguage":"fr-FR","@id":"https:\/\/cuadrosterry.com\/#\/schema\/logo\/image\/","url":"https:\/\/cuadrosterry.com\/wp-content\/uploads\/2023\/02\/cropped-cropped-cuadros-terry-logo-600-230-1.png","contentUrl":"https:\/\/cuadrosterry.com\/wp-content\/uploads\/2023\/02\/cropped-cropped-cuadros-terry-logo-600-230-1.png","width":568,"height":212,"caption":"cuadrosterry.com"},"image":{"@id":"https:\/\/cuadrosterry.com\/#\/schema\/logo\/image\/"},"sameAs":["https:\/\/www.facebook.com\/CuadrosTerry\/","https:\/\/x.com\/CuadrosTerry","https:\/\/www.instagram.com\/cuadrosterry\/"]}]}},"_links":{"self":[{"href":"https:\/\/cuadrosterry.com\/fr\/wp-json\/wp\/v2\/product\/5547","targetHints":{"allow":["GET"]}}],"collection":[{"href":"https:\/\/cuadrosterry.com\/fr\/wp-json\/wp\/v2\/product"}],"about":[{"href":"https:\/\/cuadrosterry.com\/fr\/wp-json\/wp\/v2\/types\/product"}],"replies":[{"embeddable":true,"href":"https:\/\/cuadrosterry.com\/fr\/wp-json\/wp\/v2\/comments?post=5547"}],"version-history":[{"count":1,"href":"https:\/\/cuadrosterry.com\/fr\/wp-json\/wp\/v2\/product\/5547\/revisions"}],"predecessor-version":[{"id":5564,"href":"https:\/\/cuadrosterry.com\/fr\/wp-json\/wp\/v2\/product\/5547\/revisions\/5564"}],"wp:featuredmedia":[{"embeddable":true,"href":"https:\/\/cuadrosterry.com\/fr\/wp-json\/wp\/v2\/media\/5140"}],"wp:attachment":[{"href":"https:\/\/cuadrosterry.com\/fr\/wp-json\/wp\/v2\/media?parent=5547"}],"wp:term":[{"taxonomy":"product_brand","embeddable":true,"href":"https:\/\/cuadrosterry.com\/fr\/wp-json\/wp\/v2\/product_brand?post=5547"},{"taxonomy":"product_cat","embeddable":true,"href":"https:\/\/cuadrosterry.com\/fr\/wp-json\/wp\/v2\/product_cat?post=5547"},{"taxonomy":"product_tag","embeddable":true,"href":"https:\/\/cuadrosterry.com\/fr\/wp-json\/wp\/v2\/product_tag?post=5547"}],"curies":[{"name":"wp","href":"https:\/\/api.w.org\/{rel}","templated":true}]}}