{"id":5588,"date":"2021-01-17T18:49:07","date_gmt":"2021-01-17T18:49:07","guid":{"rendered":"http:\/\/cuadrosterry.com\/producto\/port-de-hondarribia-gipuzkoa\/"},"modified":"2024-01-15T18:23:20","modified_gmt":"2024-01-15T18:23:20","slug":"port-de-hondarribia-gipuzkoa","status":"publish","type":"product","link":"https:\/\/cuadrosterry.com\/fr\/producto\/port-de-hondarribia-gipuzkoa\/","title":{"rendered":"Port de Hondarribia &#8211; Gipuzkoa"},"content":{"rendered":"<p>Un bon souvenir de Hondarribia comme \u00e9l\u00e9ment de d\u00e9coration.<\/p>\n<p>&nbsp;<\/p>\n","protected":false},"excerpt":{"rendered":"<p><strong>Hondarribia Port Print<br \/>\n<\/strong>Un bon souvenir de Hondarribia comme \u00e9l\u00e9ment de d\u00e9coration.<\/p>\n","protected":false},"featured_media":5042,"comment_status":"open","ping_status":"closed","template":"","meta":[],"product_brand":[],"product_cat":[212],"product_tag":[217,219],"class_list":{"0":"post-5588","1":"product","2":"type-product","3":"status-publish","4":"has-post-thumbnail","6":"product_cat-affiches-du-gipuzkoa","7":"product_tag-fuenterrabia-fr","8":"product_tag-hondarribia-fr","9":"sales-flash-overlay","10":"woocommerce-text-align-center","11":"woocommerce-image-align-center","12":"do-quantity-buttons","13":"wc-has-gallery","15":"first","16":"instock","17":"taxable","18":"shipping-taxable","19":"purchasable","20":"product-type-variable"},"yoast_head":"<!-- This site is optimized with the Yoast SEO plugin v26.1 - https:\/\/yoast.com\/wordpress\/plugins\/seo\/ -->\n<title>Port de Hondarribia - Guip\u00fazcoa - cuadrosterry.com<\/title>\n<meta name=\"description\" content=\"Port de Hondarribia - Gipuzkoa. Les carr\u00e9s Terry. Photo d\u00e9corative \u00e0 encadrer de Hondarribia . Tailles 40x30 et 30x21.\" \/>\n<meta name=\"robots\" content=\"index, follow, max-snippet:-1, max-image-preview:large, max-video-preview:-1\" \/>\n<link rel=\"canonical\" href=\"https:\/\/cuadrosterry.com\/producto\/puerto-hondarribia-gipuzkoa\/\" \/>\n<meta property=\"og:locale\" content=\"fr_FR\" \/>\n<meta property=\"og:type\" content=\"article\" \/>\n<meta property=\"og:title\" content=\"Port de Hondarribia - Guip\u00fazcoa - cuadrosterry.com\" \/>\n<meta property=\"og:description\" content=\"Port - Hondarribia - Gipuzkoa. Les carr\u00e9s Terry. Un bon souvenir de Hondarribia comme \u00e9l\u00e9ment de d\u00e9coration.\" \/>\n<meta property=\"og:url\" content=\"https:\/\/cuadrosterry.com\/producto\/puerto-hondarribia-gipuzkoa\/\" \/>\n<meta property=\"og:site_name\" content=\"cuadrosterry.com\" \/>\n<meta property=\"article:publisher\" content=\"https:\/\/www.facebook.com\/CuadrosTerry\/\" \/>\n<meta property=\"article:modified_time\" content=\"2024-01-15T18:23:20+00:00\" \/>\n<meta property=\"og:image\" content=\"https:\/\/cuadrosterry.com\/wp-content\/uploads\/2021\/01\/lamina-puerto-hondarribia-gipuzkoa-cuadro.jpg\" \/>\n\t<meta property=\"og:image:width\" content=\"1200\" \/>\n\t<meta property=\"og:image:height\" content=\"1200\" \/>\n\t<meta property=\"og:image:type\" content=\"image\/jpeg\" \/>\n<meta name=\"twitter:card\" content=\"summary_large_image\" \/>\n<meta name=\"twitter:site\" content=\"@CuadrosTerry\" \/>\n<script type=\"application\/ld+json\" class=\"yoast-schema-graph\">{\"@context\":\"https:\/\/schema.org\",\"@graph\":[{\"@type\":\"WebPage\",\"@id\":\"https:\/\/cuadrosterry.com\/producto\/puerto-hondarribia-gipuzkoa\/\",\"url\":\"https:\/\/cuadrosterry.com\/producto\/puerto-hondarribia-gipuzkoa\/\",\"name\":\"Port de Hondarribia - Guip\u00fazcoa - cuadrosterry.com\",\"isPartOf\":{\"@id\":\"https:\/\/cuadrosterry.com\/#website\"},\"primaryImageOfPage\":{\"@id\":\"https:\/\/cuadrosterry.com\/producto\/puerto-hondarribia-gipuzkoa\/#primaryimage\"},\"image\":{\"@id\":\"https:\/\/cuadrosterry.com\/producto\/puerto-hondarribia-gipuzkoa\/#primaryimage\"},\"thumbnailUrl\":\"https:\/\/cuadrosterry.com\/wp-content\/uploads\/2021\/01\/lamina-puerto-hondarribia-gipuzkoa-cuadro.jpg\",\"datePublished\":\"2021-01-17T18:49:07+00:00\",\"dateModified\":\"2024-01-15T18:23:20+00:00\",\"description\":\"Port de Hondarribia - Gipuzkoa. Les carr\u00e9s Terry. Photo d\u00e9corative \u00e0 encadrer de Hondarribia . Tailles 40x30 et 30x21.\",\"breadcrumb\":{\"@id\":\"https:\/\/cuadrosterry.com\/producto\/puerto-hondarribia-gipuzkoa\/#breadcrumb\"},\"inLanguage\":\"fr-FR\",\"potentialAction\":[{\"@type\":\"ReadAction\",\"target\":[\"https:\/\/cuadrosterry.com\/producto\/puerto-hondarribia-gipuzkoa\/\"]}]},{\"@type\":\"ImageObject\",\"inLanguage\":\"fr-FR\",\"@id\":\"https:\/\/cuadrosterry.com\/producto\/puerto-hondarribia-gipuzkoa\/#primaryimage\",\"url\":\"https:\/\/cuadrosterry.com\/wp-content\/uploads\/2021\/01\/lamina-puerto-hondarribia-gipuzkoa-cuadro.jpg\",\"contentUrl\":\"https:\/\/cuadrosterry.com\/wp-content\/uploads\/2021\/01\/lamina-puerto-hondarribia-gipuzkoa-cuadro.jpg\",\"width\":1200,\"height\":1200,\"caption\":\"laminate-port-hondarribia-gipuzkoa-frame\"},{\"@type\":\"BreadcrumbList\",\"@id\":\"https:\/\/cuadrosterry.com\/producto\/puerto-hondarribia-gipuzkoa\/#breadcrumb\",\"itemListElement\":[{\"@type\":\"ListItem\",\"position\":1,\"name\":\"Portada\",\"item\":\"https:\/\/cuadrosterry.com\/fr\/\"},{\"@type\":\"ListItem\",\"position\":2,\"name\":\"Boutique\",\"item\":\"https:\/\/cuadrosterry.com\/tienda\/\"},{\"@type\":\"ListItem\",\"position\":3,\"name\":\"L\u00e1minas de Gipuzkoa\",\"item\":\"https:\/\/cuadrosterry.com\/categoria-producto\/gipuzkoa\/\"},{\"@type\":\"ListItem\",\"position\":4,\"name\":\"Port de Hondarribia &#8211; Gipuzkoa\"}]},{\"@type\":\"WebSite\",\"@id\":\"https:\/\/cuadrosterry.com\/#website\",\"url\":\"https:\/\/cuadrosterry.com\/\",\"name\":\"cuadrosterry.com\",\"description\":\"L\u00e1minas decorativas de cuadros dibujados a carboncillo\",\"publisher\":{\"@id\":\"https:\/\/cuadrosterry.com\/#organization\"},\"potentialAction\":[{\"@type\":\"SearchAction\",\"target\":{\"@type\":\"EntryPoint\",\"urlTemplate\":\"https:\/\/cuadrosterry.com\/?s={search_term_string}\"},\"query-input\":{\"@type\":\"PropertyValueSpecification\",\"valueRequired\":true,\"valueName\":\"search_term_string\"}}],\"inLanguage\":\"fr-FR\"},{\"@type\":\"Organization\",\"@id\":\"https:\/\/cuadrosterry.com\/#organization\",\"name\":\"cuadrosterry.com\",\"url\":\"https:\/\/cuadrosterry.com\/\",\"logo\":{\"@type\":\"ImageObject\",\"inLanguage\":\"fr-FR\",\"@id\":\"https:\/\/cuadrosterry.com\/#\/schema\/logo\/image\/\",\"url\":\"https:\/\/cuadrosterry.com\/wp-content\/uploads\/2023\/02\/cropped-cropped-cuadros-terry-logo-600-230-1.png\",\"contentUrl\":\"https:\/\/cuadrosterry.com\/wp-content\/uploads\/2023\/02\/cropped-cropped-cuadros-terry-logo-600-230-1.png\",\"width\":568,\"height\":212,\"caption\":\"cuadrosterry.com\"},\"image\":{\"@id\":\"https:\/\/cuadrosterry.com\/#\/schema\/logo\/image\/\"},\"sameAs\":[\"https:\/\/www.facebook.com\/CuadrosTerry\/\",\"https:\/\/x.com\/CuadrosTerry\",\"https:\/\/www.instagram.com\/cuadrosterry\/\"]}]}<\/script>\n<!-- \/ Yoast SEO plugin. -->","yoast_head_json":{"title":"Port de Hondarribia - Guip\u00fazcoa - cuadrosterry.com","description":"Port de Hondarribia - Gipuzkoa. Les carr\u00e9s Terry. Photo d\u00e9corative \u00e0 encadrer de Hondarribia . Tailles 40x30 et 30x21.","robots":{"index":"index","follow":"follow","max-snippet":"max-snippet:-1","max-image-preview":"max-image-preview:large","max-video-preview":"max-video-preview:-1"},"canonical":"https:\/\/cuadrosterry.com\/producto\/puerto-hondarribia-gipuzkoa\/","og_locale":"fr_FR","og_type":"article","og_title":"Port de Hondarribia - Guip\u00fazcoa - cuadrosterry.com","og_description":"Port - Hondarribia - Gipuzkoa. Les carr\u00e9s Terry. Un bon souvenir de Hondarribia comme \u00e9l\u00e9ment de d\u00e9coration.","og_url":"https:\/\/cuadrosterry.com\/producto\/puerto-hondarribia-gipuzkoa\/","og_site_name":"cuadrosterry.com","article_publisher":"https:\/\/www.facebook.com\/CuadrosTerry\/","article_modified_time":"2024-01-15T18:23:20+00:00","og_image":[{"width":1200,"height":1200,"url":"https:\/\/cuadrosterry.com\/wp-content\/uploads\/2021\/01\/lamina-puerto-hondarribia-gipuzkoa-cuadro.jpg","type":"image\/jpeg"}],"twitter_card":"summary_large_image","twitter_site":"@CuadrosTerry","schema":{"@context":"https:\/\/schema.org","@graph":[{"@type":"WebPage","@id":"https:\/\/cuadrosterry.com\/producto\/puerto-hondarribia-gipuzkoa\/","url":"https:\/\/cuadrosterry.com\/producto\/puerto-hondarribia-gipuzkoa\/","name":"Port de Hondarribia - Guip\u00fazcoa - cuadrosterry.com","isPartOf":{"@id":"https:\/\/cuadrosterry.com\/#website"},"primaryImageOfPage":{"@id":"https:\/\/cuadrosterry.com\/producto\/puerto-hondarribia-gipuzkoa\/#primaryimage"},"image":{"@id":"https:\/\/cuadrosterry.com\/producto\/puerto-hondarribia-gipuzkoa\/#primaryimage"},"thumbnailUrl":"https:\/\/cuadrosterry.com\/wp-content\/uploads\/2021\/01\/lamina-puerto-hondarribia-gipuzkoa-cuadro.jpg","datePublished":"2021-01-17T18:49:07+00:00","dateModified":"2024-01-15T18:23:20+00:00","description":"Port de Hondarribia - Gipuzkoa. Les carr\u00e9s Terry. Photo d\u00e9corative \u00e0 encadrer de Hondarribia . Tailles 40x30 et 30x21.","breadcrumb":{"@id":"https:\/\/cuadrosterry.com\/producto\/puerto-hondarribia-gipuzkoa\/#breadcrumb"},"inLanguage":"fr-FR","potentialAction":[{"@type":"ReadAction","target":["https:\/\/cuadrosterry.com\/producto\/puerto-hondarribia-gipuzkoa\/"]}]},{"@type":"ImageObject","inLanguage":"fr-FR","@id":"https:\/\/cuadrosterry.com\/producto\/puerto-hondarribia-gipuzkoa\/#primaryimage","url":"https:\/\/cuadrosterry.com\/wp-content\/uploads\/2021\/01\/lamina-puerto-hondarribia-gipuzkoa-cuadro.jpg","contentUrl":"https:\/\/cuadrosterry.com\/wp-content\/uploads\/2021\/01\/lamina-puerto-hondarribia-gipuzkoa-cuadro.jpg","width":1200,"height":1200,"caption":"laminate-port-hondarribia-gipuzkoa-frame"},{"@type":"BreadcrumbList","@id":"https:\/\/cuadrosterry.com\/producto\/puerto-hondarribia-gipuzkoa\/#breadcrumb","itemListElement":[{"@type":"ListItem","position":1,"name":"Portada","item":"https:\/\/cuadrosterry.com\/fr\/"},{"@type":"ListItem","position":2,"name":"Boutique","item":"https:\/\/cuadrosterry.com\/tienda\/"},{"@type":"ListItem","position":3,"name":"L\u00e1minas de Gipuzkoa","item":"https:\/\/cuadrosterry.com\/categoria-producto\/gipuzkoa\/"},{"@type":"ListItem","position":4,"name":"Port de Hondarribia &#8211; Gipuzkoa"}]},{"@type":"WebSite","@id":"https:\/\/cuadrosterry.com\/#website","url":"https:\/\/cuadrosterry.com\/","name":"cuadrosterry.com","description":"L\u00e1minas decorativas de cuadros dibujados a carboncillo","publisher":{"@id":"https:\/\/cuadrosterry.com\/#organization"},"potentialAction":[{"@type":"SearchAction","target":{"@type":"EntryPoint","urlTemplate":"https:\/\/cuadrosterry.com\/?s={search_term_string}"},"query-input":{"@type":"PropertyValueSpecification","valueRequired":true,"valueName":"search_term_string"}}],"inLanguage":"fr-FR"},{"@type":"Organization","@id":"https:\/\/cuadrosterry.com\/#organization","name":"cuadrosterry.com","url":"https:\/\/cuadrosterry.com\/","logo":{"@type":"ImageObject","inLanguage":"fr-FR","@id":"https:\/\/cuadrosterry.com\/#\/schema\/logo\/image\/","url":"https:\/\/cuadrosterry.com\/wp-content\/uploads\/2023\/02\/cropped-cropped-cuadros-terry-logo-600-230-1.png","contentUrl":"https:\/\/cuadrosterry.com\/wp-content\/uploads\/2023\/02\/cropped-cropped-cuadros-terry-logo-600-230-1.png","width":568,"height":212,"caption":"cuadrosterry.com"},"image":{"@id":"https:\/\/cuadrosterry.com\/#\/schema\/logo\/image\/"},"sameAs":["https:\/\/www.facebook.com\/CuadrosTerry\/","https:\/\/x.com\/CuadrosTerry","https:\/\/www.instagram.com\/cuadrosterry\/"]}]}},"_links":{"self":[{"href":"https:\/\/cuadrosterry.com\/fr\/wp-json\/wp\/v2\/product\/5588","targetHints":{"allow":["GET"]}}],"collection":[{"href":"https:\/\/cuadrosterry.com\/fr\/wp-json\/wp\/v2\/product"}],"about":[{"href":"https:\/\/cuadrosterry.com\/fr\/wp-json\/wp\/v2\/types\/product"}],"replies":[{"embeddable":true,"href":"https:\/\/cuadrosterry.com\/fr\/wp-json\/wp\/v2\/comments?post=5588"}],"version-history":[{"count":1,"href":"https:\/\/cuadrosterry.com\/fr\/wp-json\/wp\/v2\/product\/5588\/revisions"}],"predecessor-version":[{"id":5617,"href":"https:\/\/cuadrosterry.com\/fr\/wp-json\/wp\/v2\/product\/5588\/revisions\/5617"}],"wp:featuredmedia":[{"embeddable":true,"href":"https:\/\/cuadrosterry.com\/fr\/wp-json\/wp\/v2\/media\/5042"}],"wp:attachment":[{"href":"https:\/\/cuadrosterry.com\/fr\/wp-json\/wp\/v2\/media?parent=5588"}],"wp:term":[{"taxonomy":"product_brand","embeddable":true,"href":"https:\/\/cuadrosterry.com\/fr\/wp-json\/wp\/v2\/product_brand?post=5588"},{"taxonomy":"product_cat","embeddable":true,"href":"https:\/\/cuadrosterry.com\/fr\/wp-json\/wp\/v2\/product_cat?post=5588"},{"taxonomy":"product_tag","embeddable":true,"href":"https:\/\/cuadrosterry.com\/fr\/wp-json\/wp\/v2\/product_tag?post=5588"}],"curies":[{"name":"wp","href":"https:\/\/api.w.org\/{rel}","templated":true}]}}