{"id":5750,"date":"2021-05-16T10:51:13","date_gmt":"2021-05-16T10:51:13","guid":{"rendered":"http:\/\/cuadrosterry.com\/producto\/lasarte-oria-gipuzkoa\/"},"modified":"2024-01-15T18:23:14","modified_gmt":"2024-01-15T18:23:14","slug":"lasarte-oria-gipuzkoa","status":"publish","type":"product","link":"https:\/\/cuadrosterry.com\/fr\/producto\/lasarte-oria-gipuzkoa\/","title":{"rendered":"Lasarte Oria &#8211; Gipuzkoa"},"content":{"rendered":"<p>Un bon souvenir de Lasarte &#8211; Oria en Gipuzkoa comme \u00e9l\u00e9ment de d\u00e9coration.<\/p>\n<p>&nbsp;<\/p>\n","protected":false},"excerpt":{"rendered":"<p><strong>Lasarte Oria en Gipuzkoa print<br \/>\n<\/strong>Un bon souvenir de Lasarte Oria comme pi\u00e8ce d\u00e9corative.<\/p>\n","protected":false},"featured_media":5036,"comment_status":"open","ping_status":"closed","template":"","meta":[],"product_brand":[],"product_cat":[212],"product_tag":[],"class_list":{"0":"post-5750","1":"product","2":"type-product","3":"status-publish","4":"has-post-thumbnail","6":"product_cat-affiches-du-gipuzkoa","7":"sales-flash-overlay","8":"woocommerce-text-align-center","9":"woocommerce-image-align-center","10":"do-quantity-buttons","11":"wc-has-gallery","13":"first","14":"instock","15":"taxable","16":"shipping-taxable","17":"purchasable","18":"product-type-variable"},"yoast_head":"<!-- This site is optimized with the Yoast SEO plugin v26.1 - https:\/\/yoast.com\/wordpress\/plugins\/seo\/ -->\n<title>Lasarte Oria \u00e0 Gipuzkoa - cuadrosterry.com<\/title>\n<meta name=\"description\" content=\"Lasarte Oria dans le Gipuzkoa. Les carr\u00e9s Terry. Image d\u00e9corative pour encadrement de Lasarte Oria. Tailles 40x30 et 30x21.\" \/>\n<meta name=\"robots\" content=\"index, follow, max-snippet:-1, max-image-preview:large, max-video-preview:-1\" \/>\n<link rel=\"canonical\" href=\"https:\/\/cuadrosterry.com\/producto\/lasarte-gipuzkoa\/\" \/>\n<meta property=\"og:locale\" content=\"fr_FR\" \/>\n<meta property=\"og:type\" content=\"article\" \/>\n<meta property=\"og:title\" content=\"Lasarte Oria \u00e0 Gipuzkoa - cuadrosterry.com\" \/>\n<meta property=\"og:description\" content=\"Lasarte Gipuzkoa. Les carr\u00e9s Terry. Un bon souvenir de Lasarte en Gipuzkoa comme \u00e9l\u00e9ment de d\u00e9coration.\" \/>\n<meta property=\"og:url\" content=\"https:\/\/cuadrosterry.com\/producto\/lasarte-gipuzkoa\/\" \/>\n<meta property=\"og:site_name\" content=\"cuadrosterry.com\" \/>\n<meta property=\"article:publisher\" content=\"https:\/\/www.facebook.com\/CuadrosTerry\/\" \/>\n<meta property=\"article:modified_time\" content=\"2024-01-15T18:23:14+00:00\" \/>\n<meta property=\"og:image\" content=\"http:\/\/cuadrosterry.com\/wp-content\/uploads\/2021\/05\/lasarte-enlace.jpg\" \/>\n<meta name=\"twitter:card\" content=\"summary_large_image\" \/>\n<meta name=\"twitter:site\" content=\"@CuadrosTerry\" \/>\n<script type=\"application\/ld+json\" class=\"yoast-schema-graph\">{\"@context\":\"https:\/\/schema.org\",\"@graph\":[{\"@type\":\"WebPage\",\"@id\":\"https:\/\/cuadrosterry.com\/producto\/lasarte-gipuzkoa\/\",\"url\":\"https:\/\/cuadrosterry.com\/producto\/lasarte-gipuzkoa\/\",\"name\":\"Lasarte Oria \u00e0 Gipuzkoa - cuadrosterry.com\",\"isPartOf\":{\"@id\":\"https:\/\/cuadrosterry.com\/#website\"},\"primaryImageOfPage\":{\"@id\":\"https:\/\/cuadrosterry.com\/producto\/lasarte-gipuzkoa\/#primaryimage\"},\"image\":{\"@id\":\"https:\/\/cuadrosterry.com\/producto\/lasarte-gipuzkoa\/#primaryimage\"},\"thumbnailUrl\":\"https:\/\/cuadrosterry.com\/wp-content\/uploads\/2021\/05\/lamina-lasarte-gipuzkoa-cuadro-ok.jpg\",\"datePublished\":\"2021-05-16T10:51:13+00:00\",\"dateModified\":\"2024-01-15T18:23:14+00:00\",\"description\":\"Lasarte Oria dans le Gipuzkoa. Les carr\u00e9s Terry. Image d\u00e9corative pour encadrement de Lasarte Oria. Tailles 40x30 et 30x21.\",\"breadcrumb\":{\"@id\":\"https:\/\/cuadrosterry.com\/producto\/lasarte-gipuzkoa\/#breadcrumb\"},\"inLanguage\":\"fr-FR\",\"potentialAction\":[{\"@type\":\"ReadAction\",\"target\":[\"https:\/\/cuadrosterry.com\/producto\/lasarte-gipuzkoa\/\"]}]},{\"@type\":\"ImageObject\",\"inLanguage\":\"fr-FR\",\"@id\":\"https:\/\/cuadrosterry.com\/producto\/lasarte-gipuzkoa\/#primaryimage\",\"url\":\"https:\/\/cuadrosterry.com\/wp-content\/uploads\/2021\/05\/lamina-lasarte-gipuzkoa-cuadro-ok.jpg\",\"contentUrl\":\"https:\/\/cuadrosterry.com\/wp-content\/uploads\/2021\/05\/lamina-lasarte-gipuzkoa-cuadro-ok.jpg\",\"width\":1200,\"height\":1200,\"caption\":\"lamina-lasarte-gipuzkoa-cuadro-ok\"},{\"@type\":\"BreadcrumbList\",\"@id\":\"https:\/\/cuadrosterry.com\/producto\/lasarte-gipuzkoa\/#breadcrumb\",\"itemListElement\":[{\"@type\":\"ListItem\",\"position\":1,\"name\":\"Portada\",\"item\":\"https:\/\/cuadrosterry.com\/fr\/\"},{\"@type\":\"ListItem\",\"position\":2,\"name\":\"Boutique\",\"item\":\"https:\/\/cuadrosterry.com\/tienda\/\"},{\"@type\":\"ListItem\",\"position\":3,\"name\":\"L\u00e1minas de Gipuzkoa\",\"item\":\"https:\/\/cuadrosterry.com\/categoria-producto\/gipuzkoa\/\"},{\"@type\":\"ListItem\",\"position\":4,\"name\":\"Lasarte Oria &#8211; Gipuzkoa\"}]},{\"@type\":\"WebSite\",\"@id\":\"https:\/\/cuadrosterry.com\/#website\",\"url\":\"https:\/\/cuadrosterry.com\/\",\"name\":\"cuadrosterry.com\",\"description\":\"L\u00e1minas decorativas de cuadros dibujados a carboncillo\",\"publisher\":{\"@id\":\"https:\/\/cuadrosterry.com\/#organization\"},\"potentialAction\":[{\"@type\":\"SearchAction\",\"target\":{\"@type\":\"EntryPoint\",\"urlTemplate\":\"https:\/\/cuadrosterry.com\/?s={search_term_string}\"},\"query-input\":{\"@type\":\"PropertyValueSpecification\",\"valueRequired\":true,\"valueName\":\"search_term_string\"}}],\"inLanguage\":\"fr-FR\"},{\"@type\":\"Organization\",\"@id\":\"https:\/\/cuadrosterry.com\/#organization\",\"name\":\"cuadrosterry.com\",\"url\":\"https:\/\/cuadrosterry.com\/\",\"logo\":{\"@type\":\"ImageObject\",\"inLanguage\":\"fr-FR\",\"@id\":\"https:\/\/cuadrosterry.com\/#\/schema\/logo\/image\/\",\"url\":\"https:\/\/cuadrosterry.com\/wp-content\/uploads\/2023\/02\/cropped-cropped-cuadros-terry-logo-600-230-1.png\",\"contentUrl\":\"https:\/\/cuadrosterry.com\/wp-content\/uploads\/2023\/02\/cropped-cropped-cuadros-terry-logo-600-230-1.png\",\"width\":568,\"height\":212,\"caption\":\"cuadrosterry.com\"},\"image\":{\"@id\":\"https:\/\/cuadrosterry.com\/#\/schema\/logo\/image\/\"},\"sameAs\":[\"https:\/\/www.facebook.com\/CuadrosTerry\/\",\"https:\/\/x.com\/CuadrosTerry\",\"https:\/\/www.instagram.com\/cuadrosterry\/\"]}]}<\/script>\n<!-- \/ Yoast SEO plugin. -->","yoast_head_json":{"title":"Lasarte Oria \u00e0 Gipuzkoa - cuadrosterry.com","description":"Lasarte Oria dans le Gipuzkoa. Les carr\u00e9s Terry. Image d\u00e9corative pour encadrement de Lasarte Oria. Tailles 40x30 et 30x21.","robots":{"index":"index","follow":"follow","max-snippet":"max-snippet:-1","max-image-preview":"max-image-preview:large","max-video-preview":"max-video-preview:-1"},"canonical":"https:\/\/cuadrosterry.com\/producto\/lasarte-gipuzkoa\/","og_locale":"fr_FR","og_type":"article","og_title":"Lasarte Oria \u00e0 Gipuzkoa - cuadrosterry.com","og_description":"Lasarte Gipuzkoa. Les carr\u00e9s Terry. Un bon souvenir de Lasarte en Gipuzkoa comme \u00e9l\u00e9ment de d\u00e9coration.","og_url":"https:\/\/cuadrosterry.com\/producto\/lasarte-gipuzkoa\/","og_site_name":"cuadrosterry.com","article_publisher":"https:\/\/www.facebook.com\/CuadrosTerry\/","article_modified_time":"2024-01-15T18:23:14+00:00","og_image":[{"url":"http:\/\/cuadrosterry.com\/wp-content\/uploads\/2021\/05\/lasarte-enlace.jpg","type":"","width":"","height":""}],"twitter_card":"summary_large_image","twitter_site":"@CuadrosTerry","schema":{"@context":"https:\/\/schema.org","@graph":[{"@type":"WebPage","@id":"https:\/\/cuadrosterry.com\/producto\/lasarte-gipuzkoa\/","url":"https:\/\/cuadrosterry.com\/producto\/lasarte-gipuzkoa\/","name":"Lasarte Oria \u00e0 Gipuzkoa - cuadrosterry.com","isPartOf":{"@id":"https:\/\/cuadrosterry.com\/#website"},"primaryImageOfPage":{"@id":"https:\/\/cuadrosterry.com\/producto\/lasarte-gipuzkoa\/#primaryimage"},"image":{"@id":"https:\/\/cuadrosterry.com\/producto\/lasarte-gipuzkoa\/#primaryimage"},"thumbnailUrl":"https:\/\/cuadrosterry.com\/wp-content\/uploads\/2021\/05\/lamina-lasarte-gipuzkoa-cuadro-ok.jpg","datePublished":"2021-05-16T10:51:13+00:00","dateModified":"2024-01-15T18:23:14+00:00","description":"Lasarte Oria dans le Gipuzkoa. Les carr\u00e9s Terry. Image d\u00e9corative pour encadrement de Lasarte Oria. Tailles 40x30 et 30x21.","breadcrumb":{"@id":"https:\/\/cuadrosterry.com\/producto\/lasarte-gipuzkoa\/#breadcrumb"},"inLanguage":"fr-FR","potentialAction":[{"@type":"ReadAction","target":["https:\/\/cuadrosterry.com\/producto\/lasarte-gipuzkoa\/"]}]},{"@type":"ImageObject","inLanguage":"fr-FR","@id":"https:\/\/cuadrosterry.com\/producto\/lasarte-gipuzkoa\/#primaryimage","url":"https:\/\/cuadrosterry.com\/wp-content\/uploads\/2021\/05\/lamina-lasarte-gipuzkoa-cuadro-ok.jpg","contentUrl":"https:\/\/cuadrosterry.com\/wp-content\/uploads\/2021\/05\/lamina-lasarte-gipuzkoa-cuadro-ok.jpg","width":1200,"height":1200,"caption":"lamina-lasarte-gipuzkoa-cuadro-ok"},{"@type":"BreadcrumbList","@id":"https:\/\/cuadrosterry.com\/producto\/lasarte-gipuzkoa\/#breadcrumb","itemListElement":[{"@type":"ListItem","position":1,"name":"Portada","item":"https:\/\/cuadrosterry.com\/fr\/"},{"@type":"ListItem","position":2,"name":"Boutique","item":"https:\/\/cuadrosterry.com\/tienda\/"},{"@type":"ListItem","position":3,"name":"L\u00e1minas de Gipuzkoa","item":"https:\/\/cuadrosterry.com\/categoria-producto\/gipuzkoa\/"},{"@type":"ListItem","position":4,"name":"Lasarte Oria &#8211; Gipuzkoa"}]},{"@type":"WebSite","@id":"https:\/\/cuadrosterry.com\/#website","url":"https:\/\/cuadrosterry.com\/","name":"cuadrosterry.com","description":"L\u00e1minas decorativas de cuadros dibujados a carboncillo","publisher":{"@id":"https:\/\/cuadrosterry.com\/#organization"},"potentialAction":[{"@type":"SearchAction","target":{"@type":"EntryPoint","urlTemplate":"https:\/\/cuadrosterry.com\/?s={search_term_string}"},"query-input":{"@type":"PropertyValueSpecification","valueRequired":true,"valueName":"search_term_string"}}],"inLanguage":"fr-FR"},{"@type":"Organization","@id":"https:\/\/cuadrosterry.com\/#organization","name":"cuadrosterry.com","url":"https:\/\/cuadrosterry.com\/","logo":{"@type":"ImageObject","inLanguage":"fr-FR","@id":"https:\/\/cuadrosterry.com\/#\/schema\/logo\/image\/","url":"https:\/\/cuadrosterry.com\/wp-content\/uploads\/2023\/02\/cropped-cropped-cuadros-terry-logo-600-230-1.png","contentUrl":"https:\/\/cuadrosterry.com\/wp-content\/uploads\/2023\/02\/cropped-cropped-cuadros-terry-logo-600-230-1.png","width":568,"height":212,"caption":"cuadrosterry.com"},"image":{"@id":"https:\/\/cuadrosterry.com\/#\/schema\/logo\/image\/"},"sameAs":["https:\/\/www.facebook.com\/CuadrosTerry\/","https:\/\/x.com\/CuadrosTerry","https:\/\/www.instagram.com\/cuadrosterry\/"]}]}},"_links":{"self":[{"href":"https:\/\/cuadrosterry.com\/fr\/wp-json\/wp\/v2\/product\/5750","targetHints":{"allow":["GET"]}}],"collection":[{"href":"https:\/\/cuadrosterry.com\/fr\/wp-json\/wp\/v2\/product"}],"about":[{"href":"https:\/\/cuadrosterry.com\/fr\/wp-json\/wp\/v2\/types\/product"}],"replies":[{"embeddable":true,"href":"https:\/\/cuadrosterry.com\/fr\/wp-json\/wp\/v2\/comments?post=5750"}],"version-history":[{"count":1,"href":"https:\/\/cuadrosterry.com\/fr\/wp-json\/wp\/v2\/product\/5750\/revisions"}],"predecessor-version":[{"id":5759,"href":"https:\/\/cuadrosterry.com\/fr\/wp-json\/wp\/v2\/product\/5750\/revisions\/5759"}],"wp:featuredmedia":[{"embeddable":true,"href":"https:\/\/cuadrosterry.com\/fr\/wp-json\/wp\/v2\/media\/5036"}],"wp:attachment":[{"href":"https:\/\/cuadrosterry.com\/fr\/wp-json\/wp\/v2\/media?parent=5750"}],"wp:term":[{"taxonomy":"product_brand","embeddable":true,"href":"https:\/\/cuadrosterry.com\/fr\/wp-json\/wp\/v2\/product_brand?post=5750"},{"taxonomy":"product_cat","embeddable":true,"href":"https:\/\/cuadrosterry.com\/fr\/wp-json\/wp\/v2\/product_cat?post=5750"},{"taxonomy":"product_tag","embeddable":true,"href":"https:\/\/cuadrosterry.com\/fr\/wp-json\/wp\/v2\/product_tag?post=5750"}],"curies":[{"name":"wp","href":"https:\/\/api.w.org\/{rel}","templated":true}]}}